{"id":77,"date":"2021-12-20T06:57:03","date_gmt":"2021-12-20T05:57:03","guid":{"rendered":"http:\/\/waste24.net\/?page_id=77"},"modified":"2023-03-08T14:32:17","modified_gmt":"2023-03-08T13:32:17","slug":"aplikacja-mobilna-dla-kierowcow","status":"publish","type":"page","link":"https:\/\/waste24.net\/en\/aplikacja-mobilna-dla-kierowcow\/","title":{"rendered":"Driver App"},"content":{"rendered":"\r\n<h2 class=\"wp-block-heading\"><\/h2>\r\n\r\n\r\n\r\n<div class=\"wp-block-columns is-layout-flex wp-container-core-columns-is-layout-9d6595d7 wp-block-columns-is-layout-flex\">\r\n<div class=\"wp-block-column is-layout-flow wp-block-column-is-layout-flow\" style=\"flex-basis:25%\">\r\n<div class=\"wp-block-image img-in-post\"><figure class=\"alignleft size-large is-resized\"><img loading=\"lazy\" decoding=\"async\" src=\"https:\/\/waste24.net\/wp-content\/uploads\/2021\/12\/iphone-2-5-2-535x1024-en.png\" alt=\"Driver App\" class=\"wp-image-320\" width=\"301\" height=\"575\"\/><\/figure><\/div>\r\n<\/div>\r\n\r\n\r\n\r\n<div class=\"wp-block-column is-layout-flow wp-block-column-is-layout-flow\" style=\"flex-basis:75%\">\r\n<h2 class=\"wp-block-heading\" id=\"driver-mobile-app\"><span class=\"ez-toc-section\" id=\"%E2%80%9CDriver%E2%80%9D_Mobile_App\"><\/span>&#8220;Driver&#8221; Mobile App<span class=\"ez-toc-section-end\"><\/span><\/h2><div id=\"ez-toc-container\" class=\"ez-toc-v2_0_82_2 counter-hierarchy ez-toc-counter ez-toc-grey ez-toc-container-direction\">\n<div class=\"ez-toc-title-container\">\n<p class=\"ez-toc-title\" style=\"cursor:inherit\">Spis tre\u015bci:<\/p>\n<span class=\"ez-toc-title-toggle\"><a href=\"#\" class=\"ez-toc-pull-right ez-toc-btn ez-toc-btn-xs ez-toc-btn-default ez-toc-toggle\" aria-label=\"Toggle Table of Content\"><span class=\"ez-toc-js-icon-con\"><span class=\"\"><span class=\"eztoc-hide\" style=\"display:none;\">Toggle<\/span><span class=\"ez-toc-icon-toggle-span\"><svg style=\"fill: #999;color:#999\" xmlns=\"http:\/\/www.w3.org\/2000\/svg\" class=\"list-377408\" width=\"20px\" height=\"20px\" viewBox=\"0 0 24 24\" fill=\"none\"><path d=\"M6 6H4v2h2V6zm14 0H8v2h12V6zM4 11h2v2H4v-2zm16 0H8v2h12v-2zM4 16h2v2H4v-2zm16 0H8v2h12v-2z\" fill=\"currentColor\"><\/path><\/svg><svg style=\"fill: #999;color:#999\" class=\"arrow-unsorted-368013\" xmlns=\"http:\/\/www.w3.org\/2000\/svg\" width=\"10px\" height=\"10px\" viewBox=\"0 0 24 24\" version=\"1.2\" baseProfile=\"tiny\"><path d=\"M18.2 9.3l-6.2-6.3-6.2 6.3c-.2.2-.3.4-.3.7s.1.5.3.7c.2.2.4.3.7.3h11c.3 0 .5-.1.7-.3.2-.2.3-.5.3-.7s-.1-.5-.3-.7zM5.8 14.7l6.2 6.3 6.2-6.3c.2-.2.3-.5.3-.7s-.1-.5-.3-.7c-.2-.2-.4-.3-.7-.3h-11c-.3 0-.5.1-.7.3-.2.2-.3.5-.3.7s.1.5.3.7z\"\/><\/svg><\/span><\/span><\/span><\/a><\/span><\/div>\n<nav><ul class='ez-toc-list ez-toc-list-level-1 ' ><li class='ez-toc-page-1 ez-toc-heading-level-2'><a class=\"ez-toc-link ez-toc-heading-1\" href=\"https:\/\/waste24.net\/en\/aplikacja-mobilna-dla-kierowcow\/#%E2%80%9CDriver%E2%80%9D_Mobile_App\" >&#8220;Driver&#8221; Mobile App<\/a><\/li><li class='ez-toc-page-1 ez-toc-heading-level-2'><a class=\"ez-toc-link ez-toc-heading-2\" href=\"https:\/\/waste24.net\/en\/aplikacja-mobilna-dla-kierowcow\/#Thanks_to_the_app_you_can_for_example\" >Thanks to the app you can for example<\/a><\/li><\/ul><\/nav><\/div>\n\r\n\r\n\r\n\r\n<p>It is an innovative solution on a national scale for delegating tasks to drivers who work in the municipal waste management industry.<\/p>\r\n\r\n\r\n\r\n<p>It allows you to save time and ensure that you have current knowledge of what your employees are doing.<\/p>\r\n\r\n\r\n\r\n<p>The software works with<strong> Android<\/strong> or <strong>iOS<\/strong> systems and you don&#8217;t need any special devices to use it.<\/p>\r\n\r\n\r\n\r\n<p>So if you want to turn your employees phones into a tool to improve communication, you&#8217;ve hit the bull&#8217;s eye.<\/p>\r\n\r\n\r\n\r\n<p><strong>The <strong>&#8220;Driver&#8221; app<\/strong><\/strong> is one of the elements of SaaS Waste24 system and is an excellent alternative to printing traditional documents with instructions.<\/p>\r\n<\/div>\r\n<\/div>\r\n\r\n\r\n\r\n<div class=\"wp-block-columns is-layout-flex wp-container-core-columns-is-layout-9d6595d7 wp-block-columns-is-layout-flex\">\r\n<div class=\"wp-block-column is-layout-flow wp-block-column-is-layout-flow\" style=\"flex-basis:50%\">\r\n\r\n\r\n\r\n\r\n<p><\/p>\r\n\r\n\r\n\r\n<p><\/p>\r\n\r\n\r\n\r\n<h2 class=\"wp-block-heading\" id=\"thanks-to-the-app-you-can-for-example\"><span class=\"ez-toc-section\" id=\"Thanks_to_the_app_you_can_for_example\"><\/span>Thanks to the app you can for example<span class=\"ez-toc-section-end\"><\/span><\/h2>\r\n<\/div>\r\n\r\n\r\n\r\n<div class=\"wp-block-column is-layout-flow wp-block-column-is-layout-flow\" style=\"flex-basis:50%\"><\/div>\r\n<\/div>\r\n\r\n\r\n\r\n<p class=\"has-medium-font-size\"><strong><strong>Accept orders<\/strong><\/strong><\/p>\r\n\r\n\r\n\r\n<p>Notifying the driver by phone that a given run has been completed does not always bring the right result. The employee not only has to drive a car, but also<strong> exchange information with the dispatcher<\/strong> which is sometimes difficult. For example, noise, which is normal in road traffic, is an obstacle here. Fortunately, with the <strong>Waste24 system<\/strong> you can provide him with the necessary tasks and have them performed on a specific working day. The whole process is fully automatic here and reduces the possibility of mistakes.<\/p>\r\n\r\n\r\n\r\n<p><\/p>\r\n\r\n\r\n\r\n<p class=\"has-medium-font-size\"><strong><strong>Cooperate with BDO<\/strong><\/strong><\/p>\r\n\r\n\r\n\r\n<p>Many municipal logisticians have to issue waste transfer notes and<strong> municipal waste transfer notes<\/strong>. These documents are necessary both during transport and dumping the load. Unfortunately, the multitude of waste codes and the variety of what you can find in the containers mean that environmental documents have to be changed many times. The <strong>&#8220;Driver&#8221; app<\/strong> allows any corrections to be communicated remotely without the driver having to return to base. He also has the option of making changes to the data about the load he is transporting, if necessary.<\/p>\r\n\r\n\r\n\r\n<p><\/p>\r\n\r\n\r\n\r\n<p><strong><strong><strong>Collect receipts of waste collection<\/strong><\/strong><\/strong><\/p>\r\n\r\n\r\n\r\n<p>The<strong> <strong>&#8220;Driver&#8221; app<\/strong> <\/strong>is equipped with technology known mainly from the operations of courier companies. This means that clients can place their signature on a tablet or phone and thus confirm the service has been provided. The signatures are sent to the dispatcher on an ongoing basis and are visible i<strong>n<strong> Waste24<\/strong>. This avoids receiving any complaints and claims the utility users may have.<\/strong><\/p>\r\n\r\n\r\n\r\n<p><\/p>\r\n\r\n\r\n\r\n<p><strong><strong><strong><strong>Create a map of containers, toilets or fences<\/strong><\/strong><\/strong><\/strong><\/p>\r\n\r\n\r\n\r\n<p>It is important for a<strong> municipal dispatcher<\/strong> to know where their company&#8217;s assets are currently located. In principle, it is not possible to obtain reliable data on this subject in a traditional way. Even the most thorough logistician may get confused due to the constant rotation. The<strong>&#8220;Driver&#8221; app<\/strong> makes it possible to get rid of this problem and place all the goods on google maps.<\/p>\r\n","protected":false},"excerpt":{"rendered":"<p>&#8220;Driver&#8221; Mobile App It is an innovative solution on a national scale for delegating tasks to drivers who work in the municipal waste management industry. It allows you to save time and ensure that you have current knowledge of what your employees are doing. The software works with Android or iOS systems and you don&#8217;t [&hellip;]<\/p>\n","protected":false},"author":1,"featured_media":0,"parent":0,"menu_order":0,"comment_status":"closed","ping_status":"closed","template":"blog-template.php","meta":{"footnotes":""},"class_list":["post-77","page","type-page","status-publish","hentry"],"yoast_head":"<!-- This site is optimized with the Yoast SEO Premium plugin v27.3 (Yoast SEO v27.4) - https:\/\/yoast.com\/product\/yoast-seo-premium-wordpress\/ -->\n<title>Aplikacja dla kierowc\u00f3w firm komunalnych i ci\u0119\u017car\u00f3wek | Waste24<\/title>\n<meta name=\"description\" content=\"Aplikacja &quot;Kierowca&quot; pozwala na przekazywanie polece\u0144 pracownikom firm komunalnych w formule zdalnej. Zobacz, jak dzia\u0142a nasz produkt.\" \/>\n<meta name=\"robots\" content=\"index, follow, max-snippet:-1, max-image-preview:large, max-video-preview:-1\" \/>\n<link rel=\"canonical\" href=\"https:\/\/waste24.net\/en\/aplikacja-mobilna-dla-kierowcow\/\" \/>\n<meta property=\"og:locale\" content=\"en_US\" \/>\n<meta property=\"og:locale:alternate\" content=\"pl_PL\" \/>\n<meta property=\"og:type\" content=\"article\" \/>\n<meta property=\"og:title\" content=\"Aplikacja dla kierowc\u00f3w firm komunalnych i ci\u0119\u017car\u00f3wek | Waste24\" \/>\n<meta property=\"og:description\" content=\"Aplikacja &quot;Kierowca&quot; pozwala na przekazywanie polece\u0144 pracownikom firm komunalnych w formule zdalnej. Zobacz, jak dzia\u0142a nasz produkt.\" \/>\n<meta property=\"og:url\" content=\"https:\/\/waste24.net\/en\/aplikacja-mobilna-dla-kierowcow\/\" \/>\n<meta property=\"og:site_name\" content=\"Software for waste companies management\" \/>\n<meta property=\"article:publisher\" content=\"https:\/\/www.facebook.com\/pojemnikinaodpady\" \/>\n<meta property=\"article:modified_time\" content=\"2023-03-08T13:32:17+00:00\" \/>\n<meta property=\"og:image\" content=\"https:\/\/waste24.net\/wp-content\/uploads\/2021\/12\/iphone-2-5-2-535x1024-en.png\" \/>\n<meta name=\"twitter:card\" content=\"summary_large_image\" \/>\n<meta name=\"twitter:site\" content=\"@ukasz12140155\" \/>\n<meta name=\"twitter:label1\" content=\"Est. reading time\" \/>\n\t<meta name=\"twitter:data1\" content=\"3 minutes\" \/>\n<script type=\"application\/ld+json\" class=\"yoast-schema-graph\">{\"@context\":\"https:\\\/\\\/schema.org\",\"@graph\":[{\"@type\":\"WebPage\",\"@id\":\"https:\\\/\\\/waste24.net\\\/aplikacja-mobilna-dla-kierowcow\\\/\",\"url\":\"https:\\\/\\\/waste24.net\\\/aplikacja-mobilna-dla-kierowcow\\\/\",\"name\":\"Aplikacja dla kierowc\u00f3w firm komunalnych i ci\u0119\u017car\u00f3wek | Waste24\",\"isPartOf\":{\"@id\":\"https:\\\/\\\/waste24.net\\\/#website\"},\"primaryImageOfPage\":{\"@id\":\"https:\\\/\\\/waste24.net\\\/aplikacja-mobilna-dla-kierowcow\\\/#primaryimage\"},\"image\":{\"@id\":\"https:\\\/\\\/waste24.net\\\/aplikacja-mobilna-dla-kierowcow\\\/#primaryimage\"},\"thumbnailUrl\":\"https:\\\/\\\/waste24.net\\\/wp-content\\\/uploads\\\/2021\\\/12\\\/iphone-2-5-2-535x1024-en.png\",\"datePublished\":\"2021-12-20T05:57:03+00:00\",\"dateModified\":\"2023-03-08T13:32:17+00:00\",\"description\":\"Aplikacja \\\"Kierowca\\\" pozwala na przekazywanie polece\u0144 pracownikom firm komunalnych w formule zdalnej. Zobacz, jak dzia\u0142a nasz produkt.\",\"inLanguage\":\"en-US\",\"potentialAction\":[{\"@type\":\"ReadAction\",\"target\":[\"https:\\\/\\\/waste24.net\\\/aplikacja-mobilna-dla-kierowcow\\\/\"]}]},{\"@type\":\"ImageObject\",\"inLanguage\":\"en-US\",\"@id\":\"https:\\\/\\\/waste24.net\\\/aplikacja-mobilna-dla-kierowcow\\\/#primaryimage\",\"url\":\"https:\\\/\\\/waste24.net\\\/wp-content\\\/uploads\\\/2021\\\/12\\\/iphone-2-5-2-535x1024-en.png\",\"contentUrl\":\"https:\\\/\\\/waste24.net\\\/wp-content\\\/uploads\\\/2021\\\/12\\\/iphone-2-5-2-535x1024-en.png\"},{\"@type\":\"WebSite\",\"@id\":\"https:\\\/\\\/waste24.net\\\/#website\",\"url\":\"https:\\\/\\\/waste24.net\\\/\",\"name\":\"Software for waste companies management\",\"description\":\"\",\"publisher\":{\"@id\":\"https:\\\/\\\/waste24.net\\\/#organization\"},\"potentialAction\":[{\"@type\":\"SearchAction\",\"target\":{\"@type\":\"EntryPoint\",\"urlTemplate\":\"https:\\\/\\\/waste24.net\\\/?s={search_term_string}\"},\"query-input\":{\"@type\":\"PropertyValueSpecification\",\"valueRequired\":true,\"valueName\":\"search_term_string\"}}],\"inLanguage\":\"en-US\"},{\"@type\":\"Organization\",\"@id\":\"https:\\\/\\\/waste24.net\\\/#organization\",\"name\":\"Waste24 Sp. z o.o.\",\"alternateName\":\"Oprogramowanie dla firm komunlanych\",\"url\":\"https:\\\/\\\/waste24.net\\\/\",\"logo\":{\"@type\":\"ImageObject\",\"inLanguage\":\"en-US\",\"@id\":\"https:\\\/\\\/waste24.net\\\/#\\\/schema\\\/logo\\\/image\\\/\",\"url\":\"https:\\\/\\\/waste24.net\\\/wp-content\\\/uploads\\\/2021\\\/12\\\/w24.png\",\"contentUrl\":\"https:\\\/\\\/waste24.net\\\/wp-content\\\/uploads\\\/2021\\\/12\\\/w24.png\",\"width\":736,\"height\":250,\"caption\":\"Waste24 Sp. z o.o.\"},\"image\":{\"@id\":\"https:\\\/\\\/waste24.net\\\/#\\\/schema\\\/logo\\\/image\\\/\"},\"sameAs\":[\"https:\\\/\\\/www.facebook.com\\\/pojemnikinaodpady\",\"https:\\\/\\\/x.com\\\/ukasz12140155\",\"https:\\\/\\\/pl.pinterest.com\\\/wynajemtoalet\\\/boards\\\/\",\"https:\\\/\\\/www.youtube.com\\\/watch?v=bCr_H9VPOK0&amp;amp;t=905s\"],\"description\":\"Firma Waste24 Sp. z o.o. zosta\u0142a za\u0142o\u017cona w 2021 roku przez \u0141ukasza Kami\u0144skiego i Mateusza Gawina, z inwestycj\u0105 funduszu EEC Magenta, co umo\u017cliwi\u0142o jej dynamiczny rozw\u00f3j. G\u0142\u00f3wna misja firmy to wprowadzenie technologii s\u0142u\u017c\u0105cej ochronie \u015brodowiska poprzez digitalizacj\u0119 gospodarki komunalnej i tworzenie rozwi\u0105za\u0144 u\u0142atwiaj\u0105cych codzienne \u017cycie. Waste24 Sp. z o.o. oferuje produkty zar\u00f3wno dla firm, samorz\u0105d\u00f3w, r\u00f3\u017cnych instytucji, jak i dla os\u00f3b prywatnych. W\u015br\u00f3d kluczowych produkt\u00f3w firmy znajduje si\u0119: eMarket Smiecie.eu \u2013 platforma dzia\u0142aj\u0105ca od 2019 roku, umo\u017cliwiaj\u0105ca zam\u00f3wienie us\u0142ug komunalnych online, w tym dostaw\u0119 toalet przeno\u015bnych, ogrodze\u0144 tymczasowych oraz odbi\u00f3r odpad\u00f3w budowlanych z ka\u017cdego miejsca w kraju. Us\u0142uga ta cieszy si\u0119 popularno\u015bci\u0105 w\u015br\u00f3d przedsi\u0119biorstw budowlanych i prywatnych inwestor\u00f3w, wyr\u00f3\u017cniaj\u0105c si\u0119 mo\u017cliwo\u015bci\u0105 realizacji zam\u00f3wie\u0144 w spos\u00f3b ca\u0142kowicie zdalny. SaaS dla firm komunalnych \u2013 oparty na do\u015bwiadczeniu \u0141ukasza Kami\u0144skiego, jednego z za\u0142o\u017cycieli, system Waste24.net s\u0142u\u017cy do zarz\u0105dzania przedsi\u0119biorstwem w aspektach logistycznych, finansowych i magazynowych, wspomagany przez aplikacje mobilne dla kierowcy i inwentaryzatora. Oprogramowanie to integruje si\u0119 z czujnikami zape\u0142nienia pojemnik\u00f3w i lokalizatorami kontener\u00f3w. Inteligentne rozwi\u0105zania dla miast \u2013 Waste24.net wspiera tak\u017ce inicjatywy Smart City, pomagaj\u0105c w redukcji \u015bladu w\u0119glowego i optymalizacji tras przejazdu \u015bmieciarek, z dodatkowym atutem w postaci integracji z technologi\u0105 blockchain dla wi\u0119kszej transparentno\u015bci danych. Firma szybko zdoby\u0142a uznanie na rynku, zdobywaj\u0105c liczne nagrody i wyr\u00f3\u017cnienia, co \u015bwiadczy o jej innowacyjno\u015bci i efektywno\u015bci w dzia\u0142aniach na rzecz ochrony \u015brodowiska.\",\"email\":\"l.kaminski@waste24.net\",\"telephone\":\"0048 515174514\",\"legalName\":\"Waste24 Sp.z o.o.\",\"foundingDate\":\"2021-07-15\",\"vatID\":\"8762496831\",\"taxID\":\"PL\",\"numberOfEmployees\":{\"@type\":\"QuantitativeValue\",\"minValue\":\"1\",\"maxValue\":\"10\"}}]}<\/script>\n<!-- \/ Yoast SEO Premium plugin. -->","yoast_head_json":{"title":"Aplikacja dla kierowc\u00f3w firm komunalnych i ci\u0119\u017car\u00f3wek | Waste24","description":"Aplikacja \"Kierowca\" pozwala na przekazywanie polece\u0144 pracownikom firm komunalnych w formule zdalnej. Zobacz, jak dzia\u0142a nasz produkt.","robots":{"index":"index","follow":"follow","max-snippet":"max-snippet:-1","max-image-preview":"max-image-preview:large","max-video-preview":"max-video-preview:-1"},"canonical":"https:\/\/waste24.net\/en\/aplikacja-mobilna-dla-kierowcow\/","og_locale":"en_US","og_type":"article","og_title":"Aplikacja dla kierowc\u00f3w firm komunalnych i ci\u0119\u017car\u00f3wek | Waste24","og_description":"Aplikacja \"Kierowca\" pozwala na przekazywanie polece\u0144 pracownikom firm komunalnych w formule zdalnej. Zobacz, jak dzia\u0142a nasz produkt.","og_url":"https:\/\/waste24.net\/en\/aplikacja-mobilna-dla-kierowcow\/","og_site_name":"Software for waste companies management","article_publisher":"https:\/\/www.facebook.com\/pojemnikinaodpady","article_modified_time":"2023-03-08T13:32:17+00:00","og_image":[{"url":"https:\/\/waste24.net\/wp-content\/uploads\/2021\/12\/iphone-2-5-2-535x1024-en.png","type":"","width":"","height":""}],"twitter_card":"summary_large_image","twitter_site":"@ukasz12140155","twitter_misc":{"Est. reading time":"3 minutes"},"schema":{"@context":"https:\/\/schema.org","@graph":[{"@type":"WebPage","@id":"https:\/\/waste24.net\/aplikacja-mobilna-dla-kierowcow\/","url":"https:\/\/waste24.net\/aplikacja-mobilna-dla-kierowcow\/","name":"Aplikacja dla kierowc\u00f3w firm komunalnych i ci\u0119\u017car\u00f3wek | Waste24","isPartOf":{"@id":"https:\/\/waste24.net\/#website"},"primaryImageOfPage":{"@id":"https:\/\/waste24.net\/aplikacja-mobilna-dla-kierowcow\/#primaryimage"},"image":{"@id":"https:\/\/waste24.net\/aplikacja-mobilna-dla-kierowcow\/#primaryimage"},"thumbnailUrl":"https:\/\/waste24.net\/wp-content\/uploads\/2021\/12\/iphone-2-5-2-535x1024-en.png","datePublished":"2021-12-20T05:57:03+00:00","dateModified":"2023-03-08T13:32:17+00:00","description":"Aplikacja \"Kierowca\" pozwala na przekazywanie polece\u0144 pracownikom firm komunalnych w formule zdalnej. Zobacz, jak dzia\u0142a nasz produkt.","inLanguage":"en-US","potentialAction":[{"@type":"ReadAction","target":["https:\/\/waste24.net\/aplikacja-mobilna-dla-kierowcow\/"]}]},{"@type":"ImageObject","inLanguage":"en-US","@id":"https:\/\/waste24.net\/aplikacja-mobilna-dla-kierowcow\/#primaryimage","url":"https:\/\/waste24.net\/wp-content\/uploads\/2021\/12\/iphone-2-5-2-535x1024-en.png","contentUrl":"https:\/\/waste24.net\/wp-content\/uploads\/2021\/12\/iphone-2-5-2-535x1024-en.png"},{"@type":"WebSite","@id":"https:\/\/waste24.net\/#website","url":"https:\/\/waste24.net\/","name":"Software for waste companies management","description":"","publisher":{"@id":"https:\/\/waste24.net\/#organization"},"potentialAction":[{"@type":"SearchAction","target":{"@type":"EntryPoint","urlTemplate":"https:\/\/waste24.net\/?s={search_term_string}"},"query-input":{"@type":"PropertyValueSpecification","valueRequired":true,"valueName":"search_term_string"}}],"inLanguage":"en-US"},{"@type":"Organization","@id":"https:\/\/waste24.net\/#organization","name":"Waste24 Sp. z o.o.","alternateName":"Oprogramowanie dla firm komunlanych","url":"https:\/\/waste24.net\/","logo":{"@type":"ImageObject","inLanguage":"en-US","@id":"https:\/\/waste24.net\/#\/schema\/logo\/image\/","url":"https:\/\/waste24.net\/wp-content\/uploads\/2021\/12\/w24.png","contentUrl":"https:\/\/waste24.net\/wp-content\/uploads\/2021\/12\/w24.png","width":736,"height":250,"caption":"Waste24 Sp. z o.o."},"image":{"@id":"https:\/\/waste24.net\/#\/schema\/logo\/image\/"},"sameAs":["https:\/\/www.facebook.com\/pojemnikinaodpady","https:\/\/x.com\/ukasz12140155","https:\/\/pl.pinterest.com\/wynajemtoalet\/boards\/","https:\/\/www.youtube.com\/watch?v=bCr_H9VPOK0&amp;amp;t=905s"],"description":"Firma Waste24 Sp. z o.o. zosta\u0142a za\u0142o\u017cona w 2021 roku przez \u0141ukasza Kami\u0144skiego i Mateusza Gawina, z inwestycj\u0105 funduszu EEC Magenta, co umo\u017cliwi\u0142o jej dynamiczny rozw\u00f3j. G\u0142\u00f3wna misja firmy to wprowadzenie technologii s\u0142u\u017c\u0105cej ochronie \u015brodowiska poprzez digitalizacj\u0119 gospodarki komunalnej i tworzenie rozwi\u0105za\u0144 u\u0142atwiaj\u0105cych codzienne \u017cycie. Waste24 Sp. z o.o. oferuje produkty zar\u00f3wno dla firm, samorz\u0105d\u00f3w, r\u00f3\u017cnych instytucji, jak i dla os\u00f3b prywatnych. W\u015br\u00f3d kluczowych produkt\u00f3w firmy znajduje si\u0119: eMarket Smiecie.eu \u2013 platforma dzia\u0142aj\u0105ca od 2019 roku, umo\u017cliwiaj\u0105ca zam\u00f3wienie us\u0142ug komunalnych online, w tym dostaw\u0119 toalet przeno\u015bnych, ogrodze\u0144 tymczasowych oraz odbi\u00f3r odpad\u00f3w budowlanych z ka\u017cdego miejsca w kraju. Us\u0142uga ta cieszy si\u0119 popularno\u015bci\u0105 w\u015br\u00f3d przedsi\u0119biorstw budowlanych i prywatnych inwestor\u00f3w, wyr\u00f3\u017cniaj\u0105c si\u0119 mo\u017cliwo\u015bci\u0105 realizacji zam\u00f3wie\u0144 w spos\u00f3b ca\u0142kowicie zdalny. SaaS dla firm komunalnych \u2013 oparty na do\u015bwiadczeniu \u0141ukasza Kami\u0144skiego, jednego z za\u0142o\u017cycieli, system Waste24.net s\u0142u\u017cy do zarz\u0105dzania przedsi\u0119biorstwem w aspektach logistycznych, finansowych i magazynowych, wspomagany przez aplikacje mobilne dla kierowcy i inwentaryzatora. Oprogramowanie to integruje si\u0119 z czujnikami zape\u0142nienia pojemnik\u00f3w i lokalizatorami kontener\u00f3w. Inteligentne rozwi\u0105zania dla miast \u2013 Waste24.net wspiera tak\u017ce inicjatywy Smart City, pomagaj\u0105c w redukcji \u015bladu w\u0119glowego i optymalizacji tras przejazdu \u015bmieciarek, z dodatkowym atutem w postaci integracji z technologi\u0105 blockchain dla wi\u0119kszej transparentno\u015bci danych. Firma szybko zdoby\u0142a uznanie na rynku, zdobywaj\u0105c liczne nagrody i wyr\u00f3\u017cnienia, co \u015bwiadczy o jej innowacyjno\u015bci i efektywno\u015bci w dzia\u0142aniach na rzecz ochrony \u015brodowiska.","email":"l.kaminski@waste24.net","telephone":"0048 515174514","legalName":"Waste24 Sp.z o.o.","foundingDate":"2021-07-15","vatID":"8762496831","taxID":"PL","numberOfEmployees":{"@type":"QuantitativeValue","minValue":"1","maxValue":"10"}}]}},"_links":{"self":[{"href":"https:\/\/waste24.net\/en\/wp-json\/wp\/v2\/pages\/77","targetHints":{"allow":["GET"]}}],"collection":[{"href":"https:\/\/waste24.net\/en\/wp-json\/wp\/v2\/pages"}],"about":[{"href":"https:\/\/waste24.net\/en\/wp-json\/wp\/v2\/types\/page"}],"author":[{"embeddable":true,"href":"https:\/\/waste24.net\/en\/wp-json\/wp\/v2\/users\/1"}],"replies":[{"embeddable":true,"href":"https:\/\/waste24.net\/en\/wp-json\/wp\/v2\/comments?post=77"}],"version-history":[{"count":54,"href":"https:\/\/waste24.net\/en\/wp-json\/wp\/v2\/pages\/77\/revisions"}],"predecessor-version":[{"id":1421,"href":"https:\/\/waste24.net\/en\/wp-json\/wp\/v2\/pages\/77\/revisions\/1421"}],"wp:attachment":[{"href":"https:\/\/waste24.net\/en\/wp-json\/wp\/v2\/media?parent=77"}],"curies":[{"name":"wp","href":"https:\/\/api.w.org\/{rel}","templated":true}]}}