{"id":75,"date":"2021-12-20T06:55:28","date_gmt":"2021-12-20T05:55:28","guid":{"rendered":"http:\/\/waste24.net\/?page_id=75"},"modified":"2026-03-18T12:05:04","modified_gmt":"2026-03-18T11:05:04","slug":"aplikacja-z-harmonogramem-wywozu-moje-odpady","status":"publish","type":"page","link":"https:\/\/waste24.net\/en\/aplikacja-z-harmonogramem-wywozu-moje-odpady\/","title":{"rendered":"Mobile Schedule"},"content":{"rendered":"\r\n<div class=\"wp-block-columns is-layout-flex wp-container-core-columns-is-layout-9d6595d7 wp-block-columns-is-layout-flex\">\r\n<div class=\"wp-block-column is-layout-flow wp-block-column-is-layout-flow\">\r\n<h2 class=\"wp-block-heading\" id=\"my-waste-app\"><span class=\"ez-toc-section\" id=\"%E2%80%9CMy_Waste%E2%80%9D_app\"><\/span>&#8220;My Waste&#8221; app<span class=\"ez-toc-section-end\"><\/span><\/h2><div id=\"ez-toc-container\" class=\"ez-toc-v2_0_82_2 counter-hierarchy ez-toc-counter ez-toc-grey ez-toc-container-direction\">\n<div class=\"ez-toc-title-container\">\n<p class=\"ez-toc-title\" style=\"cursor:inherit\">Spis tre\u015bci:<\/p>\n<span class=\"ez-toc-title-toggle\"><a href=\"#\" class=\"ez-toc-pull-right ez-toc-btn ez-toc-btn-xs ez-toc-btn-default ez-toc-toggle\" aria-label=\"Toggle Table of Content\"><span class=\"ez-toc-js-icon-con\"><span class=\"\"><span class=\"eztoc-hide\" style=\"display:none;\">Toggle<\/span><span class=\"ez-toc-icon-toggle-span\"><svg style=\"fill: #999;color:#999\" xmlns=\"http:\/\/www.w3.org\/2000\/svg\" class=\"list-377408\" width=\"20px\" height=\"20px\" viewBox=\"0 0 24 24\" fill=\"none\"><path d=\"M6 6H4v2h2V6zm14 0H8v2h12V6zM4 11h2v2H4v-2zm16 0H8v2h12v-2zM4 16h2v2H4v-2zm16 0H8v2h12v-2z\" fill=\"currentColor\"><\/path><\/svg><svg style=\"fill: #999;color:#999\" class=\"arrow-unsorted-368013\" xmlns=\"http:\/\/www.w3.org\/2000\/svg\" width=\"10px\" height=\"10px\" viewBox=\"0 0 24 24\" version=\"1.2\" baseProfile=\"tiny\"><path d=\"M18.2 9.3l-6.2-6.3-6.2 6.3c-.2.2-.3.4-.3.7s.1.5.3.7c.2.2.4.3.7.3h11c.3 0 .5-.1.7-.3.2-.2.3-.5.3-.7s-.1-.5-.3-.7zM5.8 14.7l6.2 6.3 6.2-6.3c.2-.2.3-.5.3-.7s-.1-.5-.3-.7c-.2-.2-.4-.3-.7-.3h-11c-.3 0-.5.1-.7.3-.2.2-.3.5-.3.7s.1.5.3.7z\"\/><\/svg><\/span><\/span><\/span><\/a><\/span><\/div>\n<nav><ul class='ez-toc-list ez-toc-list-level-1 ' ><li class='ez-toc-page-1 ez-toc-heading-level-2'><a class=\"ez-toc-link ez-toc-heading-1\" href=\"https:\/\/waste24.net\/en\/aplikacja-z-harmonogramem-wywozu-moje-odpady\/#%E2%80%9CMy_Waste%E2%80%9D_app\" >&#8220;My Waste&#8221; app<\/a><\/li><li class='ez-toc-page-1 ez-toc-heading-level-2'><a class=\"ez-toc-link ez-toc-heading-2\" href=\"https:\/\/waste24.net\/en\/aplikacja-z-harmonogramem-wywozu-moje-odpady\/#Capabilities_of_the_%E2%80%9CMy_Waste%E2%80%9D_app\" >Capabilities of the &#8220;My Waste&#8221; app<\/a><ul class='ez-toc-list-level-4' ><li class='ez-toc-heading-level-4'><ul class='ez-toc-list-level-4' ><li class='ez-toc-heading-level-4'><a class=\"ez-toc-link ez-toc-heading-3\" href=\"https:\/\/waste24.net\/en\/aplikacja-z-harmonogramem-wywozu-moje-odpady\/#Clear_presentation_of_the_waste_collection_schedule\" >Clear presentation of the waste collection schedule<\/a><\/li><li class='ez-toc-page-1 ez-toc-heading-level-4'><a class=\"ez-toc-link ez-toc-heading-4\" href=\"https:\/\/waste24.net\/en\/aplikacja-z-harmonogramem-wywozu-moje-odpady\/#Push_reminders\" >Push reminders<\/a><\/li><li class='ez-toc-page-1 ez-toc-heading-level-4'><a class=\"ez-toc-link ez-toc-heading-5\" href=\"https:\/\/waste24.net\/en\/aplikacja-z-harmonogramem-wywozu-moje-odpady\/#Waste_directory\" >Waste directory<\/a><\/li><li class='ez-toc-page-1 ez-toc-heading-level-4'><a class=\"ez-toc-link ez-toc-heading-6\" href=\"https:\/\/waste24.net\/en\/aplikacja-z-harmonogramem-wywozu-moje-odpady\/#Reporting_irregularities\" >Reporting irregularities<\/a><\/li><li class='ez-toc-page-1 ez-toc-heading-level-4'><a class=\"ez-toc-link ez-toc-heading-7\" href=\"https:\/\/waste24.net\/en\/aplikacja-z-harmonogramem-wywozu-moje-odpady\/#Ad_marketplace\" >Ad marketplace<\/a><\/li><li class='ez-toc-page-1 ez-toc-heading-level-4'><a class=\"ez-toc-link ez-toc-heading-8\" href=\"https:\/\/waste24.net\/en\/aplikacja-z-harmonogramem-wywozu-moje-odpady\/#Facilities_for_the_visually_impaired\" >Facilities for the visually impaired<\/a><\/li><\/ul><\/li><\/ul><\/li><\/ul><\/nav><\/div>\n\r\n\r\n\r\n\r\n<p><strong><strong><strong>&#8220;My Waste&#8221; <\/strong><\/strong><\/strong>app is one of the first solutions on the domestic market to automate the waste collection schedule.<\/p>\r\n\r\n\r\n\r\n<p>With our solutions, it takes the form of a mobile app that is<strong> designed for Android and iOS users<\/strong>.<\/p>\r\n\r\n\r\n\r\n<p>Among the many advantages of the app, it is worth mentioning those that directly determine its usefulness for local governments and their residents.<\/p>\r\n<\/div>\r\n\r\n\r\n\r\n<div class=\"wp-block-column is-layout-flow wp-block-column-is-layout-flow\">\r\n<figure class=\"wp-block-image size-full is-resized img-in-post\"><img loading=\"lazy\" decoding=\"async\" src=\"https:\/\/waste24.net\/wp-content\/uploads\/2021\/12\/Untitled-4-1.png\" alt=\"mobile schedule app\" class=\"wp-image-271\" width=\"750\" height=\"455\" srcset=\"https:\/\/waste24.net\/wp-content\/uploads\/2021\/12\/Untitled-4-1.png 1000w, https:\/\/waste24.net\/wp-content\/uploads\/2021\/12\/Untitled-4-1-300x182.png 300w, https:\/\/waste24.net\/wp-content\/uploads\/2021\/12\/Untitled-4-1-768x466.png 768w, https:\/\/waste24.net\/wp-content\/uploads\/2021\/12\/Untitled-4-1-18x12.png 18w\" sizes=\"auto, (max-width: 750px) 100vw, 750px\" \/><\/figure>\r\n<\/div>\r\n<\/div>\r\n\r\n\r\n\r\n\r\n\r\n\r\n\r\n<h2 class=\"wp-block-heading\" id=\"capabilities-of-the-my-waste-app\"><span class=\"ez-toc-section\" id=\"Capabilities_of_the_%E2%80%9CMy_Waste%E2%80%9D_app\"><\/span>Capabilities of the &#8220;My Waste&#8221; app<span class=\"ez-toc-section-end\"><\/span><\/h2>\r\n\r\n\r\n\r\n<p><\/p>\r\n\r\n\r\n\r\n<h4 class=\"wp-block-heading\"><span class=\"ez-toc-section\" id=\"Clear_presentation_of_the_waste_collection_schedule\"><\/span><strong><strong><strong>Clear presentation of the waste collection schedule<\/strong><\/strong><\/strong><span class=\"ez-toc-section-end\"><\/span><\/h4>\r\n\r\n\r\n\r\n<p>The &#8220;My Waste&#8221; app allows you to view the waste collection schedule and check when the particular type of waste will be collected. Thanks to this feature, you can check at any time and anywhere when the communal service<strong> will come at the given address<\/strong>. This reduces the involvement of the employees of the Commune Office in answering the constantly coming enquiries about the schedule of waste collection.<\/p>\r\n\r\n\r\n\r\n<p><\/p>\r\n\r\n\r\n\r\n<h4 class=\"wp-block-heading\"><span class=\"ez-toc-section\" id=\"Push_reminders\"><\/span><strong><strong>Push reminders<\/strong><\/strong><span class=\"ez-toc-section-end\"><\/span><\/h4>\r\n\r\n\r\n\r\n<p>At many addresses, bins are located away from the boundary of the property. In many communes of our country, bins must be placed in front of the house, otherwise they will not be emptied. If you want to do this effectively, it is worth getting the appropriate reminders. The <strong>&#8220;My Waste&#8221; app<\/strong> has a mechanism of automatic reminders that can be freely personalised. Our product makes it easier to remember your chores and makes them more enjoyable.<\/p>\r\n\r\n\r\n\r\n<p><\/p>\r\n\r\n\r\n\r\n<h4 class=\"wp-block-heading\"><span class=\"ez-toc-section\" id=\"Waste_directory\"><\/span><strong><strong><strong>Waste directory<\/strong><\/strong><\/strong><span class=\"ez-toc-section-end\"><\/span><\/h4>\r\n\r\n\r\n\r\n<p>at a time when the disposal cost of one ton of municipal waste with <strong>code 20 03 01<\/strong> is inevitably approaching the PLN 1000 limit, it is worth implementing appropriate segregation. Unfortunately, among the piles of articles of everyday use, many of them raise serious concerns as to which bin to put them in. Our <strong>waste directory<\/strong>, which is an integral part of the app, can help in the correct waste sorting.<\/p>\r\n\r\n\r\n\r\n<p><\/p>\r\n\r\n\r\n\r\n<h4 class=\"wp-block-heading\"><span class=\"ez-toc-section\" id=\"Reporting_irregularities\"><\/span><strong><strong>Reporting irregularities<\/strong><\/strong><span class=\"ez-toc-section-end\"><\/span><\/h4>\r\n\r\n\r\n\r\n<p>even when the residents fulfill their obligation, which is to put the bins in front of their properties, it may turn out that the municipal company will fail to empty them for some reason. In such a situation, any person who installs <strong>&#8220;My Waste&#8221;<\/strong> will be able to send a complaint to the e-mail address defined in the product. This will allow for a faster response on the part of the Office and prevent the issue from escalating.<\/p>\r\n\r\n\r\n\r\n<p><\/p>\r\n\r\n\r\n\r\n<h4 class=\"wp-block-heading\"><span class=\"ez-toc-section\" id=\"Ad_marketplace\"><\/span><strong><strong>Ad marketplace<\/strong><\/strong><span class=\"ez-toc-section-end\"><\/span><\/h4>\r\n\r\n\r\n\r\n<p>from the point of view of the Waste Disposal Act, the priority in environmental protection is to reuse what is no longer needed. It becomes much easier with the <strong>&#8220;My Waste&#8221; app<\/strong> because our mobile software has an implemented ad marketplace. Residents of a given area can therefore exchange any items and thus limit the stream of waste flowing to landfills.<\/p>\r\n\r\n\r\n\r\n<p><\/p>\r\n\r\n\r\n\r\n<h4 class=\"wp-block-heading\"><span class=\"ez-toc-section\" id=\"Facilities_for_the_visually_impaired\"><\/span><strong><strong><strong>Facilities for the visually impaired<\/strong><\/strong><\/strong><span class=\"ez-toc-section-end\"><\/span><\/h4>\r\n\r\n\r\n\r\n<p>The &#8220;My Waste&#8221; app has a version for the visually impaired which makes it more comfortable to use. Thanks to this, all residents of the commune can be included in the group of users.<\/p>\r\n\r\n\r\n\r\n<p><br>More information can be found on the website especially dedicated to this app:<a href=\"https:\/\/www.moje-odpady.pl\/\" target=\"_blank\" rel=\"noreferrer noopener\">www.moje-odpady.pl<\/a><\/p>\r\n","protected":false},"excerpt":{"rendered":"<p>&#8220;My Waste&#8221; app &#8220;My Waste&#8221; app is one of the first solutions on the domestic market to automate the waste collection schedule. With our solutions, it takes the form of a mobile app that is designed for Android and iOS users. Among the many advantages of the app, it is worth mentioning those that directly [&hellip;]<\/p>\n","protected":false},"author":1,"featured_media":0,"parent":0,"menu_order":0,"comment_status":"closed","ping_status":"closed","template":"mojeodpady.php","meta":{"footnotes":""},"class_list":["post-75","page","type-page","status-publish","hentry"],"yoast_head":"<!-- This site is optimized with the Yoast SEO Premium plugin v27.3 (Yoast SEO v27.4) - https:\/\/yoast.com\/product\/yoast-seo-premium-wordpress\/ -->\n<title>Software for waste companies management<\/title>\n<meta name=\"description\" content=\"\" \/>\n<meta name=\"robots\" content=\"index, follow, max-snippet:-1, max-image-preview:large, max-video-preview:-1\" \/>\n<link rel=\"canonical\" href=\"https:\/\/waste24.net\/en\/aplikacja-z-harmonogramem-wywozu-moje-odpady\/\" \/>\n<meta property=\"og:locale\" content=\"en_US\" \/>\n<meta property=\"og:locale:alternate\" content=\"pl_PL\" \/>\n<meta property=\"og:type\" content=\"article\" \/>\n<meta property=\"og:title\" content=\"\" \/>\n<meta property=\"og:description\" content=\"\" \/>\n<meta property=\"og:url\" content=\"https:\/\/waste24.net\/en\/aplikacja-z-harmonogramem-wywozu-moje-odpady\/\" \/>\n<meta property=\"og:site_name\" content=\"Software for waste companies management\" \/>\n<meta property=\"article:publisher\" content=\"https:\/\/www.facebook.com\/pojemnikinaodpady\" \/>\n<meta property=\"article:modified_time\" content=\"2026-03-18T11:05:04+00:00\" \/>\n<meta property=\"og:image\" content=\"https:\/\/waste24.net\/wp-content\/uploads\/2021\/12\/Untitled-4-1.png\" \/>\n<meta name=\"twitter:card\" content=\"summary_large_image\" \/>\n<meta name=\"twitter:site\" content=\"@ukasz12140155\" \/>\n<meta name=\"twitter:label1\" content=\"Est. reading time\" \/>\n\t<meta name=\"twitter:data1\" content=\"3 minutes\" \/>\n<script type=\"application\/ld+json\" class=\"yoast-schema-graph\">{\"@context\":\"https:\\\/\\\/schema.org\",\"@graph\":[{\"@type\":\"WebPage\",\"@id\":\"https:\\\/\\\/waste24.net\\\/aplikacja-z-harmonogramem-wywozu-moje-odpady\\\/\",\"url\":\"https:\\\/\\\/waste24.net\\\/aplikacja-z-harmonogramem-wywozu-moje-odpady\\\/\",\"name\":\"\",\"isPartOf\":{\"@id\":\"https:\\\/\\\/waste24.net\\\/#website\"},\"primaryImageOfPage\":{\"@id\":\"https:\\\/\\\/waste24.net\\\/aplikacja-z-harmonogramem-wywozu-moje-odpady\\\/#primaryimage\"},\"image\":{\"@id\":\"https:\\\/\\\/waste24.net\\\/aplikacja-z-harmonogramem-wywozu-moje-odpady\\\/#primaryimage\"},\"thumbnailUrl\":\"https:\\\/\\\/waste24.net\\\/wp-content\\\/uploads\\\/2021\\\/12\\\/Untitled-4-1.png\",\"datePublished\":\"2021-12-20T05:55:28+00:00\",\"dateModified\":\"2026-03-18T11:05:04+00:00\",\"description\":\"\",\"inLanguage\":\"en-US\",\"potentialAction\":[{\"@type\":\"ReadAction\",\"target\":[\"https:\\\/\\\/waste24.net\\\/aplikacja-z-harmonogramem-wywozu-moje-odpady\\\/\"]}]},{\"@type\":\"ImageObject\",\"inLanguage\":\"en-US\",\"@id\":\"https:\\\/\\\/waste24.net\\\/aplikacja-z-harmonogramem-wywozu-moje-odpady\\\/#primaryimage\",\"url\":\"https:\\\/\\\/waste24.net\\\/wp-content\\\/uploads\\\/2021\\\/12\\\/Untitled-4-1.png\",\"contentUrl\":\"https:\\\/\\\/waste24.net\\\/wp-content\\\/uploads\\\/2021\\\/12\\\/Untitled-4-1.png\"},{\"@type\":\"WebSite\",\"@id\":\"https:\\\/\\\/waste24.net\\\/#website\",\"url\":\"https:\\\/\\\/waste24.net\\\/\",\"name\":\"Software for waste companies management\",\"description\":\"\",\"publisher\":{\"@id\":\"https:\\\/\\\/waste24.net\\\/#organization\"},\"potentialAction\":[{\"@type\":\"SearchAction\",\"target\":{\"@type\":\"EntryPoint\",\"urlTemplate\":\"https:\\\/\\\/waste24.net\\\/?s={search_term_string}\"},\"query-input\":{\"@type\":\"PropertyValueSpecification\",\"valueRequired\":true,\"valueName\":\"search_term_string\"}}],\"inLanguage\":\"en-US\"},{\"@type\":\"Organization\",\"@id\":\"https:\\\/\\\/waste24.net\\\/#organization\",\"name\":\"Waste24 Sp. z o.o.\",\"alternateName\":\"Oprogramowanie dla firm komunlanych\",\"url\":\"https:\\\/\\\/waste24.net\\\/\",\"logo\":{\"@type\":\"ImageObject\",\"inLanguage\":\"en-US\",\"@id\":\"https:\\\/\\\/waste24.net\\\/#\\\/schema\\\/logo\\\/image\\\/\",\"url\":\"https:\\\/\\\/waste24.net\\\/wp-content\\\/uploads\\\/2021\\\/12\\\/w24.png\",\"contentUrl\":\"https:\\\/\\\/waste24.net\\\/wp-content\\\/uploads\\\/2021\\\/12\\\/w24.png\",\"width\":736,\"height\":250,\"caption\":\"Waste24 Sp. z o.o.\"},\"image\":{\"@id\":\"https:\\\/\\\/waste24.net\\\/#\\\/schema\\\/logo\\\/image\\\/\"},\"sameAs\":[\"https:\\\/\\\/www.facebook.com\\\/pojemnikinaodpady\",\"https:\\\/\\\/x.com\\\/ukasz12140155\",\"https:\\\/\\\/pl.pinterest.com\\\/wynajemtoalet\\\/boards\\\/\",\"https:\\\/\\\/www.youtube.com\\\/watch?v=bCr_H9VPOK0&amp;amp;t=905s\"],\"description\":\"Firma Waste24 Sp. z o.o. zosta\u0142a za\u0142o\u017cona w 2021 roku przez \u0141ukasza Kami\u0144skiego i Mateusza Gawina, z inwestycj\u0105 funduszu EEC Magenta, co umo\u017cliwi\u0142o jej dynamiczny rozw\u00f3j. G\u0142\u00f3wna misja firmy to wprowadzenie technologii s\u0142u\u017c\u0105cej ochronie \u015brodowiska poprzez digitalizacj\u0119 gospodarki komunalnej i tworzenie rozwi\u0105za\u0144 u\u0142atwiaj\u0105cych codzienne \u017cycie. Waste24 Sp. z o.o. oferuje produkty zar\u00f3wno dla firm, samorz\u0105d\u00f3w, r\u00f3\u017cnych instytucji, jak i dla os\u00f3b prywatnych. W\u015br\u00f3d kluczowych produkt\u00f3w firmy znajduje si\u0119: eMarket Smiecie.eu \u2013 platforma dzia\u0142aj\u0105ca od 2019 roku, umo\u017cliwiaj\u0105ca zam\u00f3wienie us\u0142ug komunalnych online, w tym dostaw\u0119 toalet przeno\u015bnych, ogrodze\u0144 tymczasowych oraz odbi\u00f3r odpad\u00f3w budowlanych z ka\u017cdego miejsca w kraju. Us\u0142uga ta cieszy si\u0119 popularno\u015bci\u0105 w\u015br\u00f3d przedsi\u0119biorstw budowlanych i prywatnych inwestor\u00f3w, wyr\u00f3\u017cniaj\u0105c si\u0119 mo\u017cliwo\u015bci\u0105 realizacji zam\u00f3wie\u0144 w spos\u00f3b ca\u0142kowicie zdalny. SaaS dla firm komunalnych \u2013 oparty na do\u015bwiadczeniu \u0141ukasza Kami\u0144skiego, jednego z za\u0142o\u017cycieli, system Waste24.net s\u0142u\u017cy do zarz\u0105dzania przedsi\u0119biorstwem w aspektach logistycznych, finansowych i magazynowych, wspomagany przez aplikacje mobilne dla kierowcy i inwentaryzatora. Oprogramowanie to integruje si\u0119 z czujnikami zape\u0142nienia pojemnik\u00f3w i lokalizatorami kontener\u00f3w. Inteligentne rozwi\u0105zania dla miast \u2013 Waste24.net wspiera tak\u017ce inicjatywy Smart City, pomagaj\u0105c w redukcji \u015bladu w\u0119glowego i optymalizacji tras przejazdu \u015bmieciarek, z dodatkowym atutem w postaci integracji z technologi\u0105 blockchain dla wi\u0119kszej transparentno\u015bci danych. Firma szybko zdoby\u0142a uznanie na rynku, zdobywaj\u0105c liczne nagrody i wyr\u00f3\u017cnienia, co \u015bwiadczy o jej innowacyjno\u015bci i efektywno\u015bci w dzia\u0142aniach na rzecz ochrony \u015brodowiska.\",\"email\":\"l.kaminski@waste24.net\",\"telephone\":\"0048 515174514\",\"legalName\":\"Waste24 Sp.z o.o.\",\"foundingDate\":\"2021-07-15\",\"vatID\":\"8762496831\",\"taxID\":\"PL\",\"numberOfEmployees\":{\"@type\":\"QuantitativeValue\",\"minValue\":\"1\",\"maxValue\":\"10\"}}]}<\/script>\n<!-- \/ Yoast SEO Premium plugin. -->","yoast_head_json":{"title":"Software for waste companies management","description":"[:pl]Aplikacja \"Moje Odpady\" to mobilny harmonogram odbioru, kt\u00f3ry sprawdzi si\u0119 w ka\u017cdej Gminie na terenie ca\u0142ego kraju. Zam\u00f3w go ju\u017c dzi\u015b.[:]","robots":{"index":"index","follow":"follow","max-snippet":"max-snippet:-1","max-image-preview":"max-image-preview:large","max-video-preview":"max-video-preview:-1"},"canonical":"https:\/\/waste24.net\/en\/aplikacja-z-harmonogramem-wywozu-moje-odpady\/","og_locale":"en_US","og_type":"article","og_title":"[:pl]Mobilny harmonogram odbioru - aplikacja Android i IOS | Waste24[:]","og_description":"[:pl]Aplikacja \"Moje Odpady\" to mobilny harmonogram odbioru, kt\u00f3ry sprawdzi si\u0119 w ka\u017cdej Gminie na terenie ca\u0142ego kraju. Zam\u00f3w go ju\u017c dzi\u015b.[:]","og_url":"https:\/\/waste24.net\/en\/aplikacja-z-harmonogramem-wywozu-moje-odpady\/","og_site_name":"Software for waste companies management","article_publisher":"https:\/\/www.facebook.com\/pojemnikinaodpady","article_modified_time":"2026-03-18T11:05:04+00:00","og_image":[{"url":"https:\/\/waste24.net\/wp-content\/uploads\/2021\/12\/Untitled-4-1.png","type":"","width":"","height":""}],"twitter_card":"summary_large_image","twitter_site":"@ukasz12140155","twitter_misc":{"Est. reading time":"3 minutes"},"schema":{"@context":"https:\/\/schema.org","@graph":[{"@type":"WebPage","@id":"https:\/\/waste24.net\/aplikacja-z-harmonogramem-wywozu-moje-odpady\/","url":"https:\/\/waste24.net\/aplikacja-z-harmonogramem-wywozu-moje-odpady\/","name":"","isPartOf":{"@id":"https:\/\/waste24.net\/#website"},"primaryImageOfPage":{"@id":"https:\/\/waste24.net\/aplikacja-z-harmonogramem-wywozu-moje-odpady\/#primaryimage"},"image":{"@id":"https:\/\/waste24.net\/aplikacja-z-harmonogramem-wywozu-moje-odpady\/#primaryimage"},"thumbnailUrl":"https:\/\/waste24.net\/wp-content\/uploads\/2021\/12\/Untitled-4-1.png","datePublished":"2021-12-20T05:55:28+00:00","dateModified":"2026-03-18T11:05:04+00:00","description":"","inLanguage":"en-US","potentialAction":[{"@type":"ReadAction","target":["https:\/\/waste24.net\/aplikacja-z-harmonogramem-wywozu-moje-odpady\/"]}]},{"@type":"ImageObject","inLanguage":"en-US","@id":"https:\/\/waste24.net\/aplikacja-z-harmonogramem-wywozu-moje-odpady\/#primaryimage","url":"https:\/\/waste24.net\/wp-content\/uploads\/2021\/12\/Untitled-4-1.png","contentUrl":"https:\/\/waste24.net\/wp-content\/uploads\/2021\/12\/Untitled-4-1.png"},{"@type":"WebSite","@id":"https:\/\/waste24.net\/#website","url":"https:\/\/waste24.net\/","name":"Software for waste companies management","description":"","publisher":{"@id":"https:\/\/waste24.net\/#organization"},"potentialAction":[{"@type":"SearchAction","target":{"@type":"EntryPoint","urlTemplate":"https:\/\/waste24.net\/?s={search_term_string}"},"query-input":{"@type":"PropertyValueSpecification","valueRequired":true,"valueName":"search_term_string"}}],"inLanguage":"en-US"},{"@type":"Organization","@id":"https:\/\/waste24.net\/#organization","name":"Waste24 Sp. z o.o.","alternateName":"Oprogramowanie dla firm komunlanych","url":"https:\/\/waste24.net\/","logo":{"@type":"ImageObject","inLanguage":"en-US","@id":"https:\/\/waste24.net\/#\/schema\/logo\/image\/","url":"https:\/\/waste24.net\/wp-content\/uploads\/2021\/12\/w24.png","contentUrl":"https:\/\/waste24.net\/wp-content\/uploads\/2021\/12\/w24.png","width":736,"height":250,"caption":"Waste24 Sp. z o.o."},"image":{"@id":"https:\/\/waste24.net\/#\/schema\/logo\/image\/"},"sameAs":["https:\/\/www.facebook.com\/pojemnikinaodpady","https:\/\/x.com\/ukasz12140155","https:\/\/pl.pinterest.com\/wynajemtoalet\/boards\/","https:\/\/www.youtube.com\/watch?v=bCr_H9VPOK0&amp;amp;t=905s"],"description":"Firma Waste24 Sp. z o.o. zosta\u0142a za\u0142o\u017cona w 2021 roku przez \u0141ukasza Kami\u0144skiego i Mateusza Gawina, z inwestycj\u0105 funduszu EEC Magenta, co umo\u017cliwi\u0142o jej dynamiczny rozw\u00f3j. G\u0142\u00f3wna misja firmy to wprowadzenie technologii s\u0142u\u017c\u0105cej ochronie \u015brodowiska poprzez digitalizacj\u0119 gospodarki komunalnej i tworzenie rozwi\u0105za\u0144 u\u0142atwiaj\u0105cych codzienne \u017cycie. Waste24 Sp. z o.o. oferuje produkty zar\u00f3wno dla firm, samorz\u0105d\u00f3w, r\u00f3\u017cnych instytucji, jak i dla os\u00f3b prywatnych. W\u015br\u00f3d kluczowych produkt\u00f3w firmy znajduje si\u0119: eMarket Smiecie.eu \u2013 platforma dzia\u0142aj\u0105ca od 2019 roku, umo\u017cliwiaj\u0105ca zam\u00f3wienie us\u0142ug komunalnych online, w tym dostaw\u0119 toalet przeno\u015bnych, ogrodze\u0144 tymczasowych oraz odbi\u00f3r odpad\u00f3w budowlanych z ka\u017cdego miejsca w kraju. Us\u0142uga ta cieszy si\u0119 popularno\u015bci\u0105 w\u015br\u00f3d przedsi\u0119biorstw budowlanych i prywatnych inwestor\u00f3w, wyr\u00f3\u017cniaj\u0105c si\u0119 mo\u017cliwo\u015bci\u0105 realizacji zam\u00f3wie\u0144 w spos\u00f3b ca\u0142kowicie zdalny. SaaS dla firm komunalnych \u2013 oparty na do\u015bwiadczeniu \u0141ukasza Kami\u0144skiego, jednego z za\u0142o\u017cycieli, system Waste24.net s\u0142u\u017cy do zarz\u0105dzania przedsi\u0119biorstwem w aspektach logistycznych, finansowych i magazynowych, wspomagany przez aplikacje mobilne dla kierowcy i inwentaryzatora. Oprogramowanie to integruje si\u0119 z czujnikami zape\u0142nienia pojemnik\u00f3w i lokalizatorami kontener\u00f3w. Inteligentne rozwi\u0105zania dla miast \u2013 Waste24.net wspiera tak\u017ce inicjatywy Smart City, pomagaj\u0105c w redukcji \u015bladu w\u0119glowego i optymalizacji tras przejazdu \u015bmieciarek, z dodatkowym atutem w postaci integracji z technologi\u0105 blockchain dla wi\u0119kszej transparentno\u015bci danych. Firma szybko zdoby\u0142a uznanie na rynku, zdobywaj\u0105c liczne nagrody i wyr\u00f3\u017cnienia, co \u015bwiadczy o jej innowacyjno\u015bci i efektywno\u015bci w dzia\u0142aniach na rzecz ochrony \u015brodowiska.","email":"l.kaminski@waste24.net","telephone":"0048 515174514","legalName":"Waste24 Sp.z o.o.","foundingDate":"2021-07-15","vatID":"8762496831","taxID":"PL","numberOfEmployees":{"@type":"QuantitativeValue","minValue":"1","maxValue":"10"}}]}},"_links":{"self":[{"href":"https:\/\/waste24.net\/en\/wp-json\/wp\/v2\/pages\/75","targetHints":{"allow":["GET"]}}],"collection":[{"href":"https:\/\/waste24.net\/en\/wp-json\/wp\/v2\/pages"}],"about":[{"href":"https:\/\/waste24.net\/en\/wp-json\/wp\/v2\/types\/page"}],"author":[{"embeddable":true,"href":"https:\/\/waste24.net\/en\/wp-json\/wp\/v2\/users\/1"}],"replies":[{"embeddable":true,"href":"https:\/\/waste24.net\/en\/wp-json\/wp\/v2\/comments?post=75"}],"version-history":[{"count":68,"href":"https:\/\/waste24.net\/en\/wp-json\/wp\/v2\/pages\/75\/revisions"}],"predecessor-version":[{"id":1474,"href":"https:\/\/waste24.net\/en\/wp-json\/wp\/v2\/pages\/75\/revisions\/1474"}],"wp:attachment":[{"href":"https:\/\/waste24.net\/en\/wp-json\/wp\/v2\/media?parent=75"}],"curies":[{"name":"wp","href":"https:\/\/api.w.org\/{rel}","templated":true}]}}