{"id":16,"date":"2021-12-17T11:41:02","date_gmt":"2021-12-17T10:41:02","guid":{"rendered":"http:\/\/waste24.net\/?page_id=16"},"modified":"2023-03-08T14:33:20","modified_gmt":"2023-03-08T13:33:20","slug":"integracja-z-baza-danych-odpadowych","status":"publish","type":"page","link":"https:\/\/waste24.net\/en\/integracja-z-baza-danych-odpadowych\/","title":{"rendered":"BDO Integration"},"content":{"rendered":"\r\n<div class=\"wp-block-columns are-vertically-aligned-top is-layout-flex wp-container-core-columns-is-layout-9d6595d7 wp-block-columns-is-layout-flex\">\r\n<div class=\"wp-block-column is-vertically-aligned-top is-layout-flow wp-block-column-is-layout-flow\" style=\"flex-basis:66.66%\">\r\n<h2 class=\"wp-block-heading\" id=\"bdo-integration-in-waste24-net\"><span class=\"ez-toc-section\" id=\"BDO_integration_in_Waste24net\"><\/span>BDO integration in Waste24.net<span class=\"ez-toc-section-end\"><\/span><\/h2><div id=\"ez-toc-container\" class=\"ez-toc-v2_0_82_2 counter-hierarchy ez-toc-counter ez-toc-grey ez-toc-container-direction\">\n<div class=\"ez-toc-title-container\">\n<p class=\"ez-toc-title\" style=\"cursor:inherit\">Spis tre\u015bci:<\/p>\n<span class=\"ez-toc-title-toggle\"><a href=\"#\" class=\"ez-toc-pull-right ez-toc-btn ez-toc-btn-xs ez-toc-btn-default ez-toc-toggle\" aria-label=\"Toggle Table of Content\"><span class=\"ez-toc-js-icon-con\"><span class=\"\"><span class=\"eztoc-hide\" style=\"display:none;\">Toggle<\/span><span class=\"ez-toc-icon-toggle-span\"><svg style=\"fill: #999;color:#999\" xmlns=\"http:\/\/www.w3.org\/2000\/svg\" class=\"list-377408\" width=\"20px\" height=\"20px\" viewBox=\"0 0 24 24\" fill=\"none\"><path d=\"M6 6H4v2h2V6zm14 0H8v2h12V6zM4 11h2v2H4v-2zm16 0H8v2h12v-2zM4 16h2v2H4v-2zm16 0H8v2h12v-2z\" fill=\"currentColor\"><\/path><\/svg><svg style=\"fill: #999;color:#999\" class=\"arrow-unsorted-368013\" xmlns=\"http:\/\/www.w3.org\/2000\/svg\" width=\"10px\" height=\"10px\" viewBox=\"0 0 24 24\" version=\"1.2\" baseProfile=\"tiny\"><path d=\"M18.2 9.3l-6.2-6.3-6.2 6.3c-.2.2-.3.4-.3.7s.1.5.3.7c.2.2.4.3.7.3h11c.3 0 .5-.1.7-.3.2-.2.3-.5.3-.7s-.1-.5-.3-.7zM5.8 14.7l6.2 6.3 6.2-6.3c.2-.2.3-.5.3-.7s-.1-.5-.3-.7c-.2-.2-.4-.3-.7-.3h-11c-.3 0-.5.1-.7.3-.2.2-.3.5-.3.7s.1.5.3.7z\"\/><\/svg><\/span><\/span><\/span><\/a><\/span><\/div>\n<nav><ul class='ez-toc-list ez-toc-list-level-1 ' ><li class='ez-toc-page-1 ez-toc-heading-level-2'><a class=\"ez-toc-link ez-toc-heading-1\" href=\"https:\/\/waste24.net\/en\/integracja-z-baza-danych-odpadowych\/#BDO_integration_in_Waste24net\" >BDO integration in Waste24.net<\/a><\/li><li class='ez-toc-page-1 ez-toc-heading-level-2'><a class=\"ez-toc-link ez-toc-heading-2\" href=\"https:\/\/waste24.net\/en\/integracja-z-baza-danych-odpadowych\/#BDO_integration_with_the_use_of_Waste24\" >BDO integration with the use of Waste24<\/a><\/li><\/ul><\/nav><\/div>\n\r\n\r\n\r\n\r\n<p>Waste24.net system is a software fully integrated with BDO (Database on products and packaging).<\/p>\r\n\r\n\r\n\r\n<p>Waste Database also known as <strong>BDO<\/strong> was established to eliminate irregularities that may arise during waste management. Although it is impossible to deny the legitimacy of this solution, it does imply further obligations not only for municipal companies, but also for waste producers.<\/p>\r\n\r\n\r\n\r\n<p>Fortunately, there are solutions that<strong> automate operations in the BDO system<\/strong> and make working with the portal much more enjoyable and less time-consuming. Undoubtedly, <strong>Waste24<\/strong> can be the solution for all the problems associated with BDO.<\/p>\r\n\r\n\r\n\r\n<p>Our system is integrated with the Waste Database via API.<\/p>\r\n<\/div>\r\n\r\n\r\n\r\n<div class=\"wp-block-column is-vertically-aligned-top is-layout-flow wp-block-column-is-layout-flow\" style=\"flex-basis:33.33%\">\r\n<figure class=\"wp-block-image size-large\"><img loading=\"lazy\" decoding=\"async\" width=\"1024\" height=\"640\" src=\"http:\/\/waste24.net\/wp-content\/uploads\/2021\/12\/bdo-edited-1024x640.png\" alt=\"Integration with BDO - waste24.net\" class=\"wp-image-64\" srcset=\"https:\/\/waste24.net\/wp-content\/uploads\/2021\/12\/bdo-edited-1024x640.png 1024w, https:\/\/waste24.net\/wp-content\/uploads\/2021\/12\/bdo-edited-300x188.png 300w, https:\/\/waste24.net\/wp-content\/uploads\/2021\/12\/bdo-edited-768x480.png 768w, https:\/\/waste24.net\/wp-content\/uploads\/2021\/12\/bdo-edited-18x12.png 18w, https:\/\/waste24.net\/wp-content\/uploads\/2021\/12\/bdo-edited.png 1104w\" sizes=\"auto, (max-width: 1024px) 100vw, 1024px\" \/><\/figure>\r\n\r\n\r\n\r\n<p><\/p>\r\n<\/div>\r\n<\/div>\r\n\r\n\r\n\r\n<p><\/p>\r\n\r\n\r\n\r\n<h2 class=\"wp-block-heading\" id=\"bdo-integration-using-waste24\"><span class=\"ez-toc-section\" id=\"BDO_integration_with_the_use_of_Waste24\"><\/span>BDO integration with the use of Waste24<span class=\"ez-toc-section-end\"><\/span><\/h2>\r\n\r\n\r\n\r\n<p><strong><strong><strong>BDO integration \u2013 Preparation of waste transfer notes (KPO) and municipal waste transfer notes (KPOK)<\/strong><\/strong><\/strong><\/p>\r\n\r\n\r\n\r\n<p><\/p>\r\n\r\n\r\n\r\n<p>Every run of a dustcart, hook loader or so-called skip loader must be preceded by the preparation of a relevant document. The preparation of waste transfer notes is much easier with <strong>Waste24<\/strong> because<strong> the software remembers previously entered data<\/strong> and the destination of waste. All waste transfer notes are visible on the list of orders or in the &#8220;Driver&#8221; app and can be downloaded without logging into the BDO.<\/p>\r\n\r\n\r\n\r\n<p><strong><strong><strong>Creating templates for issuing waste transfer notes<\/strong><\/strong><\/strong><\/p>\r\n\r\n\r\n\r\n<p>Waste24 has a &#8220;route&#8221; module that can be used to prepare waste transfer notes for a given day. So if your vehicles collect, for example, plastics and mixed waste on a particular day of the week, you can save a given template as, for example, &#8220;Wednesday&#8221; and duplicate it &#8220;on a weekly basis&#8221;. All you need to do is change the date and check the registration number of the vehicle. In this way, the preparation of a dozen or so documents<strong> takes only a few seconds<\/strong>.<\/p>\r\n\r\n\r\n\r\n<p><strong><strong><strong>Assistance in reporting<\/strong><\/strong><\/strong><\/p>\r\n\r\n\r\n\r\n<p>The Waste Database does not let you export data that is currently of interest to those responsible for reporting. So if you need to prepare it, you will have to tediously check each record. <strong>Waste24<\/strong> makes it possible to download information of your interest without having to write it down on a piece of paper. The <strong>software<\/strong> will export all the necessary information to a spreadsheet, where it can be easily processed.<\/p>\r\n\r\n\r\n\r\n<p><strong><strong><strong>Issuing waste transfer notes on behalf of the client<\/strong><\/strong><\/strong><\/p>\r\n\r\n\r\n\r\n<p>Many waste businesses have problems with their clients who make a number of mistakes when preparing their environmental documentation. Thus, this takes much longer to serve them and the very process of accepting or transferring waste gets disorganised. <strong>Waste24<\/strong> let you take over the obligation to issue waste transfer notes and issue the necessary documents on the contractor&#8217;s account and without its participation. It undoubtedly raises this<strong> added value of the entire service<\/strong>.<\/p>\r\n","protected":false},"excerpt":{"rendered":"<p>BDO integration in Waste24.net Waste24.net system is a software fully integrated with BDO (Database on products and packaging). Waste Database also known as BDO was established to eliminate irregularities that may arise during waste management. Although it is impossible to deny the legitimacy of this solution, it does imply further obligations not only for municipal [&hellip;]<\/p>\n","protected":false},"author":2,"featured_media":0,"parent":0,"menu_order":1,"comment_status":"closed","ping_status":"closed","template":"blog-template.php","meta":{"footnotes":""},"class_list":["post-16","page","type-page","status-publish","hentry"],"yoast_head":"<!-- This site is optimized with the Yoast SEO Premium plugin v27.4 (Yoast SEO v27.4) - https:\/\/yoast.com\/product\/yoast-seo-premium-wordpress\/ -->\n<title>Integracja BDO - automatyzacja pracy w systemie BDO | Waste24<\/title>\n<meta name=\"description\" content=\"Integracja BDO to jedna z warto\u015bci dodanych Waste24. Nasz system potrafi automatycznie wystawia\u0107 karty przekazania odpadu w portalu BDO.\" \/>\n<meta name=\"robots\" content=\"index, follow, max-snippet:-1, max-image-preview:large, max-video-preview:-1\" \/>\n<link rel=\"canonical\" href=\"https:\/\/waste24.net\/en\/integracja-z-baza-danych-odpadowych\/\" \/>\n<meta property=\"og:locale\" content=\"en_US\" \/>\n<meta property=\"og:locale:alternate\" content=\"pl_PL\" \/>\n<meta property=\"og:type\" content=\"article\" \/>\n<meta property=\"og:title\" content=\"Integracja BDO - automatyzacja pracy w systemie BDO | Waste24\" \/>\n<meta property=\"og:description\" content=\"Integracja BDO to jedna z warto\u015bci dodanych Waste24. Nasz system potrafi automatycznie wystawia\u0107 karty przekazania odpadu w portalu BDO.\" \/>\n<meta property=\"og:url\" content=\"https:\/\/waste24.net\/en\/integracja-z-baza-danych-odpadowych\/\" \/>\n<meta property=\"og:site_name\" content=\"Software for waste companies management\" \/>\n<meta property=\"article:publisher\" content=\"https:\/\/www.facebook.com\/pojemnikinaodpady\" \/>\n<meta property=\"article:modified_time\" content=\"2023-03-08T13:33:20+00:00\" \/>\n<meta property=\"og:image\" content=\"http:\/\/waste24.net\/wp-content\/uploads\/2021\/12\/bdo-edited-1024x640.png\" \/>\n<meta name=\"twitter:card\" content=\"summary_large_image\" \/>\n<meta name=\"twitter:site\" content=\"@ukasz12140155\" \/>\n<meta name=\"twitter:label1\" content=\"Est. reading time\" \/>\n\t<meta name=\"twitter:data1\" content=\"3 minutes\" \/>\n<script type=\"application\/ld+json\" class=\"yoast-schema-graph\">{\"@context\":\"https:\\\/\\\/schema.org\",\"@graph\":[{\"@type\":\"WebPage\",\"@id\":\"https:\\\/\\\/waste24.net\\\/integracja-z-baza-danych-odpadowych\\\/\",\"url\":\"https:\\\/\\\/waste24.net\\\/integracja-z-baza-danych-odpadowych\\\/\",\"name\":\"Integracja BDO - automatyzacja pracy w systemie BDO | Waste24\",\"isPartOf\":{\"@id\":\"https:\\\/\\\/waste24.net\\\/#website\"},\"primaryImageOfPage\":{\"@id\":\"https:\\\/\\\/waste24.net\\\/integracja-z-baza-danych-odpadowych\\\/#primaryimage\"},\"image\":{\"@id\":\"https:\\\/\\\/waste24.net\\\/integracja-z-baza-danych-odpadowych\\\/#primaryimage\"},\"thumbnailUrl\":\"http:\\\/\\\/waste24.net\\\/wp-content\\\/uploads\\\/2021\\\/12\\\/bdo-edited-1024x640.png\",\"datePublished\":\"2021-12-17T10:41:02+00:00\",\"dateModified\":\"2023-03-08T13:33:20+00:00\",\"description\":\"Integracja BDO to jedna z warto\u015bci dodanych Waste24. Nasz system potrafi automatycznie wystawia\u0107 karty przekazania odpadu w portalu BDO.\",\"inLanguage\":\"en-US\",\"potentialAction\":[{\"@type\":\"ReadAction\",\"target\":[\"https:\\\/\\\/waste24.net\\\/integracja-z-baza-danych-odpadowych\\\/\"]}]},{\"@type\":\"ImageObject\",\"inLanguage\":\"en-US\",\"@id\":\"https:\\\/\\\/waste24.net\\\/integracja-z-baza-danych-odpadowych\\\/#primaryimage\",\"url\":\"http:\\\/\\\/waste24.net\\\/wp-content\\\/uploads\\\/2021\\\/12\\\/bdo-edited-1024x640.png\",\"contentUrl\":\"http:\\\/\\\/waste24.net\\\/wp-content\\\/uploads\\\/2021\\\/12\\\/bdo-edited-1024x640.png\"},{\"@type\":\"WebSite\",\"@id\":\"https:\\\/\\\/waste24.net\\\/#website\",\"url\":\"https:\\\/\\\/waste24.net\\\/\",\"name\":\"Software for waste companies management\",\"description\":\"\",\"publisher\":{\"@id\":\"https:\\\/\\\/waste24.net\\\/#organization\"},\"potentialAction\":[{\"@type\":\"SearchAction\",\"target\":{\"@type\":\"EntryPoint\",\"urlTemplate\":\"https:\\\/\\\/waste24.net\\\/?s={search_term_string}\"},\"query-input\":{\"@type\":\"PropertyValueSpecification\",\"valueRequired\":true,\"valueName\":\"search_term_string\"}}],\"inLanguage\":\"en-US\"},{\"@type\":\"Organization\",\"@id\":\"https:\\\/\\\/waste24.net\\\/#organization\",\"name\":\"Waste24 Sp. z o.o.\",\"alternateName\":\"Oprogramowanie dla firm komunlanych\",\"url\":\"https:\\\/\\\/waste24.net\\\/\",\"logo\":{\"@type\":\"ImageObject\",\"inLanguage\":\"en-US\",\"@id\":\"https:\\\/\\\/waste24.net\\\/#\\\/schema\\\/logo\\\/image\\\/\",\"url\":\"https:\\\/\\\/waste24.net\\\/wp-content\\\/uploads\\\/2021\\\/12\\\/w24.png\",\"contentUrl\":\"https:\\\/\\\/waste24.net\\\/wp-content\\\/uploads\\\/2021\\\/12\\\/w24.png\",\"width\":736,\"height\":250,\"caption\":\"Waste24 Sp. z o.o.\"},\"image\":{\"@id\":\"https:\\\/\\\/waste24.net\\\/#\\\/schema\\\/logo\\\/image\\\/\"},\"sameAs\":[\"https:\\\/\\\/www.facebook.com\\\/pojemnikinaodpady\",\"https:\\\/\\\/x.com\\\/ukasz12140155\",\"https:\\\/\\\/pl.pinterest.com\\\/wynajemtoalet\\\/boards\\\/\",\"https:\\\/\\\/www.youtube.com\\\/watch?v=bCr_H9VPOK0&amp;amp;t=905s\"],\"description\":\"Firma Waste24 Sp. z o.o. zosta\u0142a za\u0142o\u017cona w 2021 roku przez \u0141ukasza Kami\u0144skiego i Mateusza Gawina, z inwestycj\u0105 funduszu EEC Magenta, co umo\u017cliwi\u0142o jej dynamiczny rozw\u00f3j. G\u0142\u00f3wna misja firmy to wprowadzenie technologii s\u0142u\u017c\u0105cej ochronie \u015brodowiska poprzez digitalizacj\u0119 gospodarki komunalnej i tworzenie rozwi\u0105za\u0144 u\u0142atwiaj\u0105cych codzienne \u017cycie. Waste24 Sp. z o.o. oferuje produkty zar\u00f3wno dla firm, samorz\u0105d\u00f3w, r\u00f3\u017cnych instytucji, jak i dla os\u00f3b prywatnych. W\u015br\u00f3d kluczowych produkt\u00f3w firmy znajduje si\u0119: eMarket Smiecie.eu \u2013 platforma dzia\u0142aj\u0105ca od 2019 roku, umo\u017cliwiaj\u0105ca zam\u00f3wienie us\u0142ug komunalnych online, w tym dostaw\u0119 toalet przeno\u015bnych, ogrodze\u0144 tymczasowych oraz odbi\u00f3r odpad\u00f3w budowlanych z ka\u017cdego miejsca w kraju. Us\u0142uga ta cieszy si\u0119 popularno\u015bci\u0105 w\u015br\u00f3d przedsi\u0119biorstw budowlanych i prywatnych inwestor\u00f3w, wyr\u00f3\u017cniaj\u0105c si\u0119 mo\u017cliwo\u015bci\u0105 realizacji zam\u00f3wie\u0144 w spos\u00f3b ca\u0142kowicie zdalny. SaaS dla firm komunalnych \u2013 oparty na do\u015bwiadczeniu \u0141ukasza Kami\u0144skiego, jednego z za\u0142o\u017cycieli, system Waste24.net s\u0142u\u017cy do zarz\u0105dzania przedsi\u0119biorstwem w aspektach logistycznych, finansowych i magazynowych, wspomagany przez aplikacje mobilne dla kierowcy i inwentaryzatora. Oprogramowanie to integruje si\u0119 z czujnikami zape\u0142nienia pojemnik\u00f3w i lokalizatorami kontener\u00f3w. Inteligentne rozwi\u0105zania dla miast \u2013 Waste24.net wspiera tak\u017ce inicjatywy Smart City, pomagaj\u0105c w redukcji \u015bladu w\u0119glowego i optymalizacji tras przejazdu \u015bmieciarek, z dodatkowym atutem w postaci integracji z technologi\u0105 blockchain dla wi\u0119kszej transparentno\u015bci danych. Firma szybko zdoby\u0142a uznanie na rynku, zdobywaj\u0105c liczne nagrody i wyr\u00f3\u017cnienia, co \u015bwiadczy o jej innowacyjno\u015bci i efektywno\u015bci w dzia\u0142aniach na rzecz ochrony \u015brodowiska.\",\"email\":\"l.kaminski@waste24.net\",\"telephone\":\"0048 515174514\",\"legalName\":\"Waste24 Sp.z o.o.\",\"foundingDate\":\"2021-07-15\",\"vatID\":\"8762496831\",\"taxID\":\"PL\",\"numberOfEmployees\":{\"@type\":\"QuantitativeValue\",\"minValue\":\"1\",\"maxValue\":\"10\"}}]}<\/script>\n<!-- \/ Yoast SEO Premium plugin. -->","yoast_head_json":{"title":"Integracja BDO - automatyzacja pracy w systemie BDO | Waste24","description":"Integracja BDO to jedna z warto\u015bci dodanych Waste24. Nasz system potrafi automatycznie wystawia\u0107 karty przekazania odpadu w portalu BDO.","robots":{"index":"index","follow":"follow","max-snippet":"max-snippet:-1","max-image-preview":"max-image-preview:large","max-video-preview":"max-video-preview:-1"},"canonical":"https:\/\/waste24.net\/en\/integracja-z-baza-danych-odpadowych\/","og_locale":"en_US","og_type":"article","og_title":"Integracja BDO - automatyzacja pracy w systemie BDO | Waste24","og_description":"Integracja BDO to jedna z warto\u015bci dodanych Waste24. Nasz system potrafi automatycznie wystawia\u0107 karty przekazania odpadu w portalu BDO.","og_url":"https:\/\/waste24.net\/en\/integracja-z-baza-danych-odpadowych\/","og_site_name":"Software for waste companies management","article_publisher":"https:\/\/www.facebook.com\/pojemnikinaodpady","article_modified_time":"2023-03-08T13:33:20+00:00","og_image":[{"url":"http:\/\/waste24.net\/wp-content\/uploads\/2021\/12\/bdo-edited-1024x640.png","type":"","width":"","height":""}],"twitter_card":"summary_large_image","twitter_site":"@ukasz12140155","twitter_misc":{"Est. reading time":"3 minutes"},"schema":{"@context":"https:\/\/schema.org","@graph":[{"@type":"WebPage","@id":"https:\/\/waste24.net\/integracja-z-baza-danych-odpadowych\/","url":"https:\/\/waste24.net\/integracja-z-baza-danych-odpadowych\/","name":"Integracja BDO - automatyzacja pracy w systemie BDO | Waste24","isPartOf":{"@id":"https:\/\/waste24.net\/#website"},"primaryImageOfPage":{"@id":"https:\/\/waste24.net\/integracja-z-baza-danych-odpadowych\/#primaryimage"},"image":{"@id":"https:\/\/waste24.net\/integracja-z-baza-danych-odpadowych\/#primaryimage"},"thumbnailUrl":"http:\/\/waste24.net\/wp-content\/uploads\/2021\/12\/bdo-edited-1024x640.png","datePublished":"2021-12-17T10:41:02+00:00","dateModified":"2023-03-08T13:33:20+00:00","description":"Integracja BDO to jedna z warto\u015bci dodanych Waste24. Nasz system potrafi automatycznie wystawia\u0107 karty przekazania odpadu w portalu BDO.","inLanguage":"en-US","potentialAction":[{"@type":"ReadAction","target":["https:\/\/waste24.net\/integracja-z-baza-danych-odpadowych\/"]}]},{"@type":"ImageObject","inLanguage":"en-US","@id":"https:\/\/waste24.net\/integracja-z-baza-danych-odpadowych\/#primaryimage","url":"http:\/\/waste24.net\/wp-content\/uploads\/2021\/12\/bdo-edited-1024x640.png","contentUrl":"http:\/\/waste24.net\/wp-content\/uploads\/2021\/12\/bdo-edited-1024x640.png"},{"@type":"WebSite","@id":"https:\/\/waste24.net\/#website","url":"https:\/\/waste24.net\/","name":"Software for waste companies management","description":"","publisher":{"@id":"https:\/\/waste24.net\/#organization"},"potentialAction":[{"@type":"SearchAction","target":{"@type":"EntryPoint","urlTemplate":"https:\/\/waste24.net\/?s={search_term_string}"},"query-input":{"@type":"PropertyValueSpecification","valueRequired":true,"valueName":"search_term_string"}}],"inLanguage":"en-US"},{"@type":"Organization","@id":"https:\/\/waste24.net\/#organization","name":"Waste24 Sp. z o.o.","alternateName":"Oprogramowanie dla firm komunlanych","url":"https:\/\/waste24.net\/","logo":{"@type":"ImageObject","inLanguage":"en-US","@id":"https:\/\/waste24.net\/#\/schema\/logo\/image\/","url":"https:\/\/waste24.net\/wp-content\/uploads\/2021\/12\/w24.png","contentUrl":"https:\/\/waste24.net\/wp-content\/uploads\/2021\/12\/w24.png","width":736,"height":250,"caption":"Waste24 Sp. z o.o."},"image":{"@id":"https:\/\/waste24.net\/#\/schema\/logo\/image\/"},"sameAs":["https:\/\/www.facebook.com\/pojemnikinaodpady","https:\/\/x.com\/ukasz12140155","https:\/\/pl.pinterest.com\/wynajemtoalet\/boards\/","https:\/\/www.youtube.com\/watch?v=bCr_H9VPOK0&amp;amp;t=905s"],"description":"Firma Waste24 Sp. z o.o. zosta\u0142a za\u0142o\u017cona w 2021 roku przez \u0141ukasza Kami\u0144skiego i Mateusza Gawina, z inwestycj\u0105 funduszu EEC Magenta, co umo\u017cliwi\u0142o jej dynamiczny rozw\u00f3j. G\u0142\u00f3wna misja firmy to wprowadzenie technologii s\u0142u\u017c\u0105cej ochronie \u015brodowiska poprzez digitalizacj\u0119 gospodarki komunalnej i tworzenie rozwi\u0105za\u0144 u\u0142atwiaj\u0105cych codzienne \u017cycie. Waste24 Sp. z o.o. oferuje produkty zar\u00f3wno dla firm, samorz\u0105d\u00f3w, r\u00f3\u017cnych instytucji, jak i dla os\u00f3b prywatnych. W\u015br\u00f3d kluczowych produkt\u00f3w firmy znajduje si\u0119: eMarket Smiecie.eu \u2013 platforma dzia\u0142aj\u0105ca od 2019 roku, umo\u017cliwiaj\u0105ca zam\u00f3wienie us\u0142ug komunalnych online, w tym dostaw\u0119 toalet przeno\u015bnych, ogrodze\u0144 tymczasowych oraz odbi\u00f3r odpad\u00f3w budowlanych z ka\u017cdego miejsca w kraju. Us\u0142uga ta cieszy si\u0119 popularno\u015bci\u0105 w\u015br\u00f3d przedsi\u0119biorstw budowlanych i prywatnych inwestor\u00f3w, wyr\u00f3\u017cniaj\u0105c si\u0119 mo\u017cliwo\u015bci\u0105 realizacji zam\u00f3wie\u0144 w spos\u00f3b ca\u0142kowicie zdalny. SaaS dla firm komunalnych \u2013 oparty na do\u015bwiadczeniu \u0141ukasza Kami\u0144skiego, jednego z za\u0142o\u017cycieli, system Waste24.net s\u0142u\u017cy do zarz\u0105dzania przedsi\u0119biorstwem w aspektach logistycznych, finansowych i magazynowych, wspomagany przez aplikacje mobilne dla kierowcy i inwentaryzatora. Oprogramowanie to integruje si\u0119 z czujnikami zape\u0142nienia pojemnik\u00f3w i lokalizatorami kontener\u00f3w. Inteligentne rozwi\u0105zania dla miast \u2013 Waste24.net wspiera tak\u017ce inicjatywy Smart City, pomagaj\u0105c w redukcji \u015bladu w\u0119glowego i optymalizacji tras przejazdu \u015bmieciarek, z dodatkowym atutem w postaci integracji z technologi\u0105 blockchain dla wi\u0119kszej transparentno\u015bci danych. Firma szybko zdoby\u0142a uznanie na rynku, zdobywaj\u0105c liczne nagrody i wyr\u00f3\u017cnienia, co \u015bwiadczy o jej innowacyjno\u015bci i efektywno\u015bci w dzia\u0142aniach na rzecz ochrony \u015brodowiska.","email":"l.kaminski@waste24.net","telephone":"0048 515174514","legalName":"Waste24 Sp.z o.o.","foundingDate":"2021-07-15","vatID":"8762496831","taxID":"PL","numberOfEmployees":{"@type":"QuantitativeValue","minValue":"1","maxValue":"10"}}]}},"_links":{"self":[{"href":"https:\/\/waste24.net\/en\/wp-json\/wp\/v2\/pages\/16","targetHints":{"allow":["GET"]}}],"collection":[{"href":"https:\/\/waste24.net\/en\/wp-json\/wp\/v2\/pages"}],"about":[{"href":"https:\/\/waste24.net\/en\/wp-json\/wp\/v2\/types\/page"}],"author":[{"embeddable":true,"href":"https:\/\/waste24.net\/en\/wp-json\/wp\/v2\/users\/2"}],"replies":[{"embeddable":true,"href":"https:\/\/waste24.net\/en\/wp-json\/wp\/v2\/comments?post=16"}],"version-history":[{"count":84,"href":"https:\/\/waste24.net\/en\/wp-json\/wp\/v2\/pages\/16\/revisions"}],"predecessor-version":[{"id":1424,"href":"https:\/\/waste24.net\/en\/wp-json\/wp\/v2\/pages\/16\/revisions\/1424"}],"wp:attachment":[{"href":"https:\/\/waste24.net\/en\/wp-json\/wp\/v2\/media?parent=16"}],"curies":[{"name":"wp","href":"https:\/\/api.w.org\/{rel}","templated":true}]}}