{"id":1374,"date":"2023-01-05T11:57:25","date_gmt":"2023-01-05T10:57:25","guid":{"rendered":"https:\/\/waste24.net\/?page_id=1374"},"modified":"2023-01-05T12:02:14","modified_gmt":"2023-01-05T11:02:14","slug":"strona-404","status":"publish","type":"page","link":"https:\/\/waste24.net\/en\/strona-404\/","title":{"rendered":""},"content":{"rendered":"","protected":false},"excerpt":{"rendered":"","protected":false},"author":1,"featured_media":0,"parent":0,"menu_order":0,"comment_status":"closed","ping_status":"closed","template":"","meta":{"footnotes":""},"class_list":["post-1374","page","type-page","status-publish","hentry"],"yoast_head":"<!-- This site is optimized with the Yoast SEO Premium plugin v27.3 (Yoast SEO v27.4) - https:\/\/yoast.com\/product\/yoast-seo-premium-wordpress\/ -->\n<title>404 - nie ma takiej strony | Waste24<\/title>\n<meta name=\"description\" content=\"W naszym serwisie nie ma takiej podstrony. W zwi\u0105zku z b\u0142\u0119dem 404 zapraszamy do powrotu na Stron\u0119 G\u0142\u00f3wn\u0105. \u017byczymy mi\u0142ego przegl\u0105dania serwisu.\" \/>\n<meta name=\"robots\" content=\"index, follow, max-snippet:-1, max-image-preview:large, max-video-preview:-1\" \/>\n<link rel=\"canonical\" href=\"https:\/\/waste24.net\/en\/strona-404\/\" \/>\n<meta property=\"og:locale\" content=\"en_US\" \/>\n<meta property=\"og:locale:alternate\" content=\"pl_PL\" \/>\n<meta property=\"og:type\" content=\"article\" \/>\n<meta property=\"og:title\" content=\"404 - nie ma takiej strony | Waste24\" \/>\n<meta property=\"og:description\" content=\"W naszym serwisie nie ma takiej podstrony. W zwi\u0105zku z b\u0142\u0119dem 404 zapraszamy do powrotu na Stron\u0119 G\u0142\u00f3wn\u0105. \u017byczymy mi\u0142ego przegl\u0105dania serwisu.\" \/>\n<meta property=\"og:url\" content=\"https:\/\/waste24.net\/en\/strona-404\/\" \/>\n<meta property=\"og:site_name\" content=\"Software for waste companies management\" \/>\n<meta property=\"article:publisher\" content=\"https:\/\/www.facebook.com\/pojemnikinaodpady\" \/>\n<meta property=\"article:modified_time\" content=\"2023-01-05T11:02:14+00:00\" \/>\n<meta name=\"twitter:card\" content=\"summary_large_image\" \/>\n<meta name=\"twitter:site\" content=\"@ukasz12140155\" \/>\n<meta name=\"twitter:label1\" content=\"Est. reading time\" \/>\n\t<meta name=\"twitter:data1\" content=\"1 minute\" \/>\n<script type=\"application\/ld+json\" class=\"yoast-schema-graph\">{\"@context\":\"https:\\\/\\\/schema.org\",\"@graph\":[{\"@type\":\"WebPage\",\"@id\":\"https:\\\/\\\/waste24.net\\\/strona-404\\\/\",\"url\":\"https:\\\/\\\/waste24.net\\\/strona-404\\\/\",\"name\":\"404 - nie ma takiej strony | Waste24\",\"isPartOf\":{\"@id\":\"https:\\\/\\\/waste24.net\\\/#website\"},\"datePublished\":\"2023-01-05T10:57:25+00:00\",\"dateModified\":\"2023-01-05T11:02:14+00:00\",\"description\":\"W naszym serwisie nie ma takiej podstrony. W zwi\u0105zku z b\u0142\u0119dem 404 zapraszamy do powrotu na Stron\u0119 G\u0142\u00f3wn\u0105. \u017byczymy mi\u0142ego przegl\u0105dania serwisu.\",\"inLanguage\":\"en-US\",\"potentialAction\":[{\"@type\":\"ReadAction\",\"target\":[\"https:\\\/\\\/waste24.net\\\/strona-404\\\/\"]}]},{\"@type\":\"WebSite\",\"@id\":\"https:\\\/\\\/waste24.net\\\/#website\",\"url\":\"https:\\\/\\\/waste24.net\\\/\",\"name\":\"Software for waste companies management\",\"description\":\"\",\"publisher\":{\"@id\":\"https:\\\/\\\/waste24.net\\\/#organization\"},\"potentialAction\":[{\"@type\":\"SearchAction\",\"target\":{\"@type\":\"EntryPoint\",\"urlTemplate\":\"https:\\\/\\\/waste24.net\\\/?s={search_term_string}\"},\"query-input\":{\"@type\":\"PropertyValueSpecification\",\"valueRequired\":true,\"valueName\":\"search_term_string\"}}],\"inLanguage\":\"en-US\"},{\"@type\":\"Organization\",\"@id\":\"https:\\\/\\\/waste24.net\\\/#organization\",\"name\":\"Waste24 Sp. z o.o.\",\"alternateName\":\"Oprogramowanie dla firm komunlanych\",\"url\":\"https:\\\/\\\/waste24.net\\\/\",\"logo\":{\"@type\":\"ImageObject\",\"inLanguage\":\"en-US\",\"@id\":\"https:\\\/\\\/waste24.net\\\/#\\\/schema\\\/logo\\\/image\\\/\",\"url\":\"https:\\\/\\\/waste24.net\\\/wp-content\\\/uploads\\\/2021\\\/12\\\/w24.png\",\"contentUrl\":\"https:\\\/\\\/waste24.net\\\/wp-content\\\/uploads\\\/2021\\\/12\\\/w24.png\",\"width\":736,\"height\":250,\"caption\":\"Waste24 Sp. z o.o.\"},\"image\":{\"@id\":\"https:\\\/\\\/waste24.net\\\/#\\\/schema\\\/logo\\\/image\\\/\"},\"sameAs\":[\"https:\\\/\\\/www.facebook.com\\\/pojemnikinaodpady\",\"https:\\\/\\\/x.com\\\/ukasz12140155\",\"https:\\\/\\\/pl.pinterest.com\\\/wynajemtoalet\\\/boards\\\/\",\"https:\\\/\\\/www.youtube.com\\\/watch?v=bCr_H9VPOK0&amp;amp;t=905s\"],\"description\":\"Firma Waste24 Sp. z o.o. zosta\u0142a za\u0142o\u017cona w 2021 roku przez \u0141ukasza Kami\u0144skiego i Mateusza Gawina, z inwestycj\u0105 funduszu EEC Magenta, co umo\u017cliwi\u0142o jej dynamiczny rozw\u00f3j. G\u0142\u00f3wna misja firmy to wprowadzenie technologii s\u0142u\u017c\u0105cej ochronie \u015brodowiska poprzez digitalizacj\u0119 gospodarki komunalnej i tworzenie rozwi\u0105za\u0144 u\u0142atwiaj\u0105cych codzienne \u017cycie. Waste24 Sp. z o.o. oferuje produkty zar\u00f3wno dla firm, samorz\u0105d\u00f3w, r\u00f3\u017cnych instytucji, jak i dla os\u00f3b prywatnych. W\u015br\u00f3d kluczowych produkt\u00f3w firmy znajduje si\u0119: eMarket Smiecie.eu \u2013 platforma dzia\u0142aj\u0105ca od 2019 roku, umo\u017cliwiaj\u0105ca zam\u00f3wienie us\u0142ug komunalnych online, w tym dostaw\u0119 toalet przeno\u015bnych, ogrodze\u0144 tymczasowych oraz odbi\u00f3r odpad\u00f3w budowlanych z ka\u017cdego miejsca w kraju. Us\u0142uga ta cieszy si\u0119 popularno\u015bci\u0105 w\u015br\u00f3d przedsi\u0119biorstw budowlanych i prywatnych inwestor\u00f3w, wyr\u00f3\u017cniaj\u0105c si\u0119 mo\u017cliwo\u015bci\u0105 realizacji zam\u00f3wie\u0144 w spos\u00f3b ca\u0142kowicie zdalny. SaaS dla firm komunalnych \u2013 oparty na do\u015bwiadczeniu \u0141ukasza Kami\u0144skiego, jednego z za\u0142o\u017cycieli, system Waste24.net s\u0142u\u017cy do zarz\u0105dzania przedsi\u0119biorstwem w aspektach logistycznych, finansowych i magazynowych, wspomagany przez aplikacje mobilne dla kierowcy i inwentaryzatora. Oprogramowanie to integruje si\u0119 z czujnikami zape\u0142nienia pojemnik\u00f3w i lokalizatorami kontener\u00f3w. Inteligentne rozwi\u0105zania dla miast \u2013 Waste24.net wspiera tak\u017ce inicjatywy Smart City, pomagaj\u0105c w redukcji \u015bladu w\u0119glowego i optymalizacji tras przejazdu \u015bmieciarek, z dodatkowym atutem w postaci integracji z technologi\u0105 blockchain dla wi\u0119kszej transparentno\u015bci danych. Firma szybko zdoby\u0142a uznanie na rynku, zdobywaj\u0105c liczne nagrody i wyr\u00f3\u017cnienia, co \u015bwiadczy o jej innowacyjno\u015bci i efektywno\u015bci w dzia\u0142aniach na rzecz ochrony \u015brodowiska.\",\"email\":\"l.kaminski@waste24.net\",\"telephone\":\"0048 515174514\",\"legalName\":\"Waste24 Sp.z o.o.\",\"foundingDate\":\"2021-07-15\",\"vatID\":\"8762496831\",\"taxID\":\"PL\",\"numberOfEmployees\":{\"@type\":\"QuantitativeValue\",\"minValue\":\"1\",\"maxValue\":\"10\"}}]}<\/script>\n<!-- \/ Yoast SEO Premium plugin. -->","yoast_head_json":{"title":"404 - nie ma takiej strony | Waste24","description":"W naszym serwisie nie ma takiej podstrony. W zwi\u0105zku z b\u0142\u0119dem 404 zapraszamy do powrotu na Stron\u0119 G\u0142\u00f3wn\u0105. \u017byczymy mi\u0142ego przegl\u0105dania serwisu.","robots":{"index":"index","follow":"follow","max-snippet":"max-snippet:-1","max-image-preview":"max-image-preview:large","max-video-preview":"max-video-preview:-1"},"canonical":"https:\/\/waste24.net\/en\/strona-404\/","og_locale":"en_US","og_type":"article","og_title":"404 - nie ma takiej strony | Waste24","og_description":"W naszym serwisie nie ma takiej podstrony. W zwi\u0105zku z b\u0142\u0119dem 404 zapraszamy do powrotu na Stron\u0119 G\u0142\u00f3wn\u0105. \u017byczymy mi\u0142ego przegl\u0105dania serwisu.","og_url":"https:\/\/waste24.net\/en\/strona-404\/","og_site_name":"Software for waste companies management","article_publisher":"https:\/\/www.facebook.com\/pojemnikinaodpady","article_modified_time":"2023-01-05T11:02:14+00:00","twitter_card":"summary_large_image","twitter_site":"@ukasz12140155","twitter_misc":{"Est. reading time":"1 minute"},"schema":{"@context":"https:\/\/schema.org","@graph":[{"@type":"WebPage","@id":"https:\/\/waste24.net\/strona-404\/","url":"https:\/\/waste24.net\/strona-404\/","name":"404 - nie ma takiej strony | Waste24","isPartOf":{"@id":"https:\/\/waste24.net\/#website"},"datePublished":"2023-01-05T10:57:25+00:00","dateModified":"2023-01-05T11:02:14+00:00","description":"W naszym serwisie nie ma takiej podstrony. W zwi\u0105zku z b\u0142\u0119dem 404 zapraszamy do powrotu na Stron\u0119 G\u0142\u00f3wn\u0105. \u017byczymy mi\u0142ego przegl\u0105dania serwisu.","inLanguage":"en-US","potentialAction":[{"@type":"ReadAction","target":["https:\/\/waste24.net\/strona-404\/"]}]},{"@type":"WebSite","@id":"https:\/\/waste24.net\/#website","url":"https:\/\/waste24.net\/","name":"Software for waste companies management","description":"","publisher":{"@id":"https:\/\/waste24.net\/#organization"},"potentialAction":[{"@type":"SearchAction","target":{"@type":"EntryPoint","urlTemplate":"https:\/\/waste24.net\/?s={search_term_string}"},"query-input":{"@type":"PropertyValueSpecification","valueRequired":true,"valueName":"search_term_string"}}],"inLanguage":"en-US"},{"@type":"Organization","@id":"https:\/\/waste24.net\/#organization","name":"Waste24 Sp. z o.o.","alternateName":"Oprogramowanie dla firm komunlanych","url":"https:\/\/waste24.net\/","logo":{"@type":"ImageObject","inLanguage":"en-US","@id":"https:\/\/waste24.net\/#\/schema\/logo\/image\/","url":"https:\/\/waste24.net\/wp-content\/uploads\/2021\/12\/w24.png","contentUrl":"https:\/\/waste24.net\/wp-content\/uploads\/2021\/12\/w24.png","width":736,"height":250,"caption":"Waste24 Sp. z o.o."},"image":{"@id":"https:\/\/waste24.net\/#\/schema\/logo\/image\/"},"sameAs":["https:\/\/www.facebook.com\/pojemnikinaodpady","https:\/\/x.com\/ukasz12140155","https:\/\/pl.pinterest.com\/wynajemtoalet\/boards\/","https:\/\/www.youtube.com\/watch?v=bCr_H9VPOK0&amp;amp;t=905s"],"description":"Firma Waste24 Sp. z o.o. zosta\u0142a za\u0142o\u017cona w 2021 roku przez \u0141ukasza Kami\u0144skiego i Mateusza Gawina, z inwestycj\u0105 funduszu EEC Magenta, co umo\u017cliwi\u0142o jej dynamiczny rozw\u00f3j. G\u0142\u00f3wna misja firmy to wprowadzenie technologii s\u0142u\u017c\u0105cej ochronie \u015brodowiska poprzez digitalizacj\u0119 gospodarki komunalnej i tworzenie rozwi\u0105za\u0144 u\u0142atwiaj\u0105cych codzienne \u017cycie. Waste24 Sp. z o.o. oferuje produkty zar\u00f3wno dla firm, samorz\u0105d\u00f3w, r\u00f3\u017cnych instytucji, jak i dla os\u00f3b prywatnych. W\u015br\u00f3d kluczowych produkt\u00f3w firmy znajduje si\u0119: eMarket Smiecie.eu \u2013 platforma dzia\u0142aj\u0105ca od 2019 roku, umo\u017cliwiaj\u0105ca zam\u00f3wienie us\u0142ug komunalnych online, w tym dostaw\u0119 toalet przeno\u015bnych, ogrodze\u0144 tymczasowych oraz odbi\u00f3r odpad\u00f3w budowlanych z ka\u017cdego miejsca w kraju. Us\u0142uga ta cieszy si\u0119 popularno\u015bci\u0105 w\u015br\u00f3d przedsi\u0119biorstw budowlanych i prywatnych inwestor\u00f3w, wyr\u00f3\u017cniaj\u0105c si\u0119 mo\u017cliwo\u015bci\u0105 realizacji zam\u00f3wie\u0144 w spos\u00f3b ca\u0142kowicie zdalny. SaaS dla firm komunalnych \u2013 oparty na do\u015bwiadczeniu \u0141ukasza Kami\u0144skiego, jednego z za\u0142o\u017cycieli, system Waste24.net s\u0142u\u017cy do zarz\u0105dzania przedsi\u0119biorstwem w aspektach logistycznych, finansowych i magazynowych, wspomagany przez aplikacje mobilne dla kierowcy i inwentaryzatora. Oprogramowanie to integruje si\u0119 z czujnikami zape\u0142nienia pojemnik\u00f3w i lokalizatorami kontener\u00f3w. Inteligentne rozwi\u0105zania dla miast \u2013 Waste24.net wspiera tak\u017ce inicjatywy Smart City, pomagaj\u0105c w redukcji \u015bladu w\u0119glowego i optymalizacji tras przejazdu \u015bmieciarek, z dodatkowym atutem w postaci integracji z technologi\u0105 blockchain dla wi\u0119kszej transparentno\u015bci danych. Firma szybko zdoby\u0142a uznanie na rynku, zdobywaj\u0105c liczne nagrody i wyr\u00f3\u017cnienia, co \u015bwiadczy o jej innowacyjno\u015bci i efektywno\u015bci w dzia\u0142aniach na rzecz ochrony \u015brodowiska.","email":"l.kaminski@waste24.net","telephone":"0048 515174514","legalName":"Waste24 Sp.z o.o.","foundingDate":"2021-07-15","vatID":"8762496831","taxID":"PL","numberOfEmployees":{"@type":"QuantitativeValue","minValue":"1","maxValue":"10"}}]}},"_links":{"self":[{"href":"https:\/\/waste24.net\/en\/wp-json\/wp\/v2\/pages\/1374","targetHints":{"allow":["GET"]}}],"collection":[{"href":"https:\/\/waste24.net\/en\/wp-json\/wp\/v2\/pages"}],"about":[{"href":"https:\/\/waste24.net\/en\/wp-json\/wp\/v2\/types\/page"}],"author":[{"embeddable":true,"href":"https:\/\/waste24.net\/en\/wp-json\/wp\/v2\/users\/1"}],"replies":[{"embeddable":true,"href":"https:\/\/waste24.net\/en\/wp-json\/wp\/v2\/comments?post=1374"}],"version-history":[{"count":1,"href":"https:\/\/waste24.net\/en\/wp-json\/wp\/v2\/pages\/1374\/revisions"}],"predecessor-version":[{"id":1375,"href":"https:\/\/waste24.net\/en\/wp-json\/wp\/v2\/pages\/1374\/revisions\/1375"}],"wp:attachment":[{"href":"https:\/\/waste24.net\/en\/wp-json\/wp\/v2\/media?parent=1374"}],"curies":[{"name":"wp","href":"https:\/\/api.w.org\/{rel}","templated":true}]}}