{"id":115,"date":"2021-12-20T15:28:51","date_gmt":"2021-12-20T14:28:51","guid":{"rendered":"https:\/\/waste24.net\/?page_id=115"},"modified":"2026-03-19T08:22:32","modified_gmt":"2026-03-19T07:22:32","slug":"o-nas","status":"publish","type":"page","link":"https:\/\/waste24.net\/en\/o-nas\/","title":{"rendered":"About us"},"content":{"rendered":"\n<p><strong><strong>Waste24.net<\/strong> <\/strong>is a system that has been continuously developed since about 2015. when its first version appeared, it has since evolved into the role of the first SaaS system for the waste industry in Poland. Nowadays, the software is used by many representatives of the industry and it increases the number of its users each month. Waste24.net works online and does not require investing in existing computer infrastructure. The web app can be used on any computer with the Internet access. The solution that we are pleased to present to you consists of several modules that are responsible for areas of activity of a municipal waste management company<\/p>\n\n\n\n<p><\/p>\n\n\n\n<p><\/p>\n\n\n\n<h2 class=\"wp-block-heading\" id=\"what-areas-of-activity-does-waste24-net-improve\"><strong><strong>What areas of activity does Waste24.net improve?<\/strong><\/strong><\/h2>\n\n\n\n<p><\/p>\n\n\n\n<p class=\"has-medium-font-size\"><div class=\"row w-100\">\n<div class=\"col-12 col-md-4\"><div class=\"green-box\"><div class=\"green-box-title\">Rental of waste containers, fences and toilets<\/div>\n<p>The Waste24.net software for municipal waste management companies acts as an aggregator for all orders handled by a given company. It can be used to create instructions that are then sent to employees in the form of paper printouts or are visible in the app for drivers. The number of complaints decreases and the level of service increases thanks to  Waste24.net. Orders do not disappear in the hustle and bustle of the day-to-day operations that require constant attention. Our SAAS has full integration with BDO portal and data from the Central Statistics Office. This helps to avoid errors in contact details and environmental reporting.<\/p>\n<\/div><\/div>\n<div class=\"col-12 col-md-4\"><div class=\"green-box\"><div class=\"green-box-title\">Stocktaking<\/div><p>Off-site work is not the easiest thing to do. This is mainly due to the climate, which is not the most pleasant in our part of the world. Stocktaking in the traditional form is hindered by precipitation and wind, which can make it difficult to keep notes. That is why we have created a solution that meets your needs. The &#8220;Cataloguer&#8221; app works regardless of the weather and can automatically convert geographic coordinates to the address of the real property. The software generates a virtual map of the stock in the area. Each entry in the virtual stocktaking register can be supplemented with a photo and your own comment.<\/p><\/div><\/div>\n<div class=\"col-12 col-md-4\"><div class=\"green-box\"><div class=\"green-box-title\">Support for regular customers<\/div>\n<p>Waste24.net has a &#8220;route&#8221; module. The same orders do not need to be duplicated repeatedly and can be modified on an ongoing basis. Our system proves its worth when it comes to fulfilling the contracts concluded by our clients and improves the quality of service. This fact is appreciated primarily by entities that deal with cyclical collection of municipal waste. Waste24.net lets municipal waste management companies make their work more organised and predictable. This allows to optimise costs and increase profitability of operations.<\/p><\/div><\/div><\/div>\n<div class=\"clear\"><\/div>\n<div class=\"row\">\n<div class=\"col-12 col-md-4\"><div class=\"green-box\"><div class=\"green-box-title\">Settlements with contractors<\/div><p>Waste24.net is perfect as an invoicing programme. When doing so, the programme not only takes care of their correctness, but also ensures that all orders are charged properly. The use of municipal waste management software reduces the number of not issued invoices and increases the profitability of individual business areas. SaaS for municipal waste management companies also enables automatic sending of invoices via e-mail and control of payment dates.<\/p><\/div><\/div>\n<div class=\"col-12 col-md-4\"><div class=\"green-box\"><div class=\"green-box-title\">Delegation of orders<\/div><p>Waste24.net introduces new standards in the work of dispatchers. By using the &#8220;Driver&#8221; app, they can pass the tasks &#8220;remotely&#8221; and keep track of their progress. This service, which our clients have access to, makes it possible to increase efficiency and optimise work effectively. An even workload for staff means a fairer distribution of responsibilities and the opportunity to complete more tasks in the same amount of time.<\/p><\/div><\/div>\n<\/div>\n\n\n\n<p><\/p>\n","protected":false},"excerpt":{"rendered":"<p>Waste24.net is a system that has been continuously developed since about 2015. when its first version appeared, it has since evolved into the role of the first SaaS system for the waste industry in Poland. Nowadays, the software is used by many representatives of the industry and it increases the number of its users each [&hellip;]<\/p>\n","protected":false},"author":2,"featured_media":0,"parent":0,"menu_order":0,"comment_status":"closed","ping_status":"closed","template":"about-us.php","meta":{"footnotes":""},"class_list":["post-115","page","type-page","status-publish","hentry"],"yoast_head":"<!-- This site is optimized with the Yoast SEO Premium plugin v27.3 (Yoast SEO v27.3) - https:\/\/yoast.com\/product\/yoast-seo-premium-wordpress\/ -->\n<title>Waste24.net - nowoczesny SaaS dla firm komunalnych | Waste24<\/title>\n<meta name=\"description\" content=\"Waste24.net to nowoczesnych system dla firm komunalnych, kt\u00f3ry dzia\u0142a w modelu SaaS. Skorzystaj z jego mo\u017cliwo\u015bci i zam\u00f3w prezentacj\u0119.\" \/>\n<meta name=\"robots\" content=\"index, follow, max-snippet:-1, max-image-preview:large, max-video-preview:-1\" \/>\n<link rel=\"canonical\" href=\"https:\/\/waste24.net\/en\/o-nas\/\" \/>\n<meta property=\"og:locale\" content=\"en_US\" \/>\n<meta property=\"og:locale:alternate\" content=\"pl_PL\" \/>\n<meta property=\"og:type\" content=\"article\" \/>\n<meta property=\"og:title\" content=\"Waste24.net - nowoczesny SaaS dla firm komunalnych | Waste24\" \/>\n<meta property=\"og:description\" content=\"Waste24.net to nowoczesnych system dla firm komunalnych, kt\u00f3ry dzia\u0142a w modelu SaaS. Skorzystaj z jego mo\u017cliwo\u015bci i zam\u00f3w prezentacj\u0119.\" \/>\n<meta property=\"og:url\" content=\"https:\/\/waste24.net\/en\/o-nas\/\" \/>\n<meta property=\"og:site_name\" content=\"Software for waste companies management\" \/>\n<meta property=\"article:publisher\" content=\"https:\/\/www.facebook.com\/pojemnikinaodpady\" \/>\n<meta property=\"article:modified_time\" content=\"2026-03-19T07:22:32+00:00\" \/>\n<meta name=\"twitter:card\" content=\"summary_large_image\" \/>\n<meta name=\"twitter:site\" content=\"@ukasz12140155\" \/>\n<meta name=\"twitter:label1\" content=\"Est. reading time\" \/>\n\t<meta name=\"twitter:data1\" content=\"3 minutes\" \/>\n<script type=\"application\/ld+json\" class=\"yoast-schema-graph\">{\"@context\":\"https:\\\/\\\/schema.org\",\"@graph\":[{\"@type\":\"WebPage\",\"@id\":\"https:\\\/\\\/waste24.net\\\/o-nas\\\/\",\"url\":\"https:\\\/\\\/waste24.net\\\/o-nas\\\/\",\"name\":\"Waste24.net - nowoczesny SaaS dla firm komunalnych | Waste24\",\"isPartOf\":{\"@id\":\"https:\\\/\\\/waste24.net\\\/#website\"},\"datePublished\":\"2021-12-20T14:28:51+00:00\",\"dateModified\":\"2026-03-19T07:22:32+00:00\",\"description\":\"Waste24.net to nowoczesnych system dla firm komunalnych, kt\u00f3ry dzia\u0142a w modelu SaaS. Skorzystaj z jego mo\u017cliwo\u015bci i zam\u00f3w prezentacj\u0119.\",\"inLanguage\":\"en-US\",\"potentialAction\":[{\"@type\":\"ReadAction\",\"target\":[\"https:\\\/\\\/waste24.net\\\/o-nas\\\/\"]}]},{\"@type\":\"WebSite\",\"@id\":\"https:\\\/\\\/waste24.net\\\/#website\",\"url\":\"https:\\\/\\\/waste24.net\\\/\",\"name\":\"Software for waste companies management\",\"description\":\"\",\"publisher\":{\"@id\":\"https:\\\/\\\/waste24.net\\\/#organization\"},\"potentialAction\":[{\"@type\":\"SearchAction\",\"target\":{\"@type\":\"EntryPoint\",\"urlTemplate\":\"https:\\\/\\\/waste24.net\\\/?s={search_term_string}\"},\"query-input\":{\"@type\":\"PropertyValueSpecification\",\"valueRequired\":true,\"valueName\":\"search_term_string\"}}],\"inLanguage\":\"en-US\"},{\"@type\":\"Organization\",\"@id\":\"https:\\\/\\\/waste24.net\\\/#organization\",\"name\":\"Waste24 Sp. z o.o.\",\"alternateName\":\"Oprogramowanie dla firm komunlanych\",\"url\":\"https:\\\/\\\/waste24.net\\\/\",\"logo\":{\"@type\":\"ImageObject\",\"inLanguage\":\"en-US\",\"@id\":\"https:\\\/\\\/waste24.net\\\/#\\\/schema\\\/logo\\\/image\\\/\",\"url\":\"https:\\\/\\\/waste24.net\\\/wp-content\\\/uploads\\\/2021\\\/12\\\/w24.png\",\"contentUrl\":\"https:\\\/\\\/waste24.net\\\/wp-content\\\/uploads\\\/2021\\\/12\\\/w24.png\",\"width\":736,\"height\":250,\"caption\":\"Waste24 Sp. z o.o.\"},\"image\":{\"@id\":\"https:\\\/\\\/waste24.net\\\/#\\\/schema\\\/logo\\\/image\\\/\"},\"sameAs\":[\"https:\\\/\\\/www.facebook.com\\\/pojemnikinaodpady\",\"https:\\\/\\\/x.com\\\/ukasz12140155\",\"https:\\\/\\\/pl.pinterest.com\\\/wynajemtoalet\\\/boards\\\/\",\"https:\\\/\\\/www.youtube.com\\\/watch?v=bCr_H9VPOK0&amp;amp;t=905s\"],\"description\":\"Firma Waste24 Sp. z o.o. zosta\u0142a za\u0142o\u017cona w 2021 roku przez \u0141ukasza Kami\u0144skiego i Mateusza Gawina, z inwestycj\u0105 funduszu EEC Magenta, co umo\u017cliwi\u0142o jej dynamiczny rozw\u00f3j. G\u0142\u00f3wna misja firmy to wprowadzenie technologii s\u0142u\u017c\u0105cej ochronie \u015brodowiska poprzez digitalizacj\u0119 gospodarki komunalnej i tworzenie rozwi\u0105za\u0144 u\u0142atwiaj\u0105cych codzienne \u017cycie. Waste24 Sp. z o.o. oferuje produkty zar\u00f3wno dla firm, samorz\u0105d\u00f3w, r\u00f3\u017cnych instytucji, jak i dla os\u00f3b prywatnych. W\u015br\u00f3d kluczowych produkt\u00f3w firmy znajduje si\u0119: eMarket Smiecie.eu \u2013 platforma dzia\u0142aj\u0105ca od 2019 roku, umo\u017cliwiaj\u0105ca zam\u00f3wienie us\u0142ug komunalnych online, w tym dostaw\u0119 toalet przeno\u015bnych, ogrodze\u0144 tymczasowych oraz odbi\u00f3r odpad\u00f3w budowlanych z ka\u017cdego miejsca w kraju. Us\u0142uga ta cieszy si\u0119 popularno\u015bci\u0105 w\u015br\u00f3d przedsi\u0119biorstw budowlanych i prywatnych inwestor\u00f3w, wyr\u00f3\u017cniaj\u0105c si\u0119 mo\u017cliwo\u015bci\u0105 realizacji zam\u00f3wie\u0144 w spos\u00f3b ca\u0142kowicie zdalny. SaaS dla firm komunalnych \u2013 oparty na do\u015bwiadczeniu \u0141ukasza Kami\u0144skiego, jednego z za\u0142o\u017cycieli, system Waste24.net s\u0142u\u017cy do zarz\u0105dzania przedsi\u0119biorstwem w aspektach logistycznych, finansowych i magazynowych, wspomagany przez aplikacje mobilne dla kierowcy i inwentaryzatora. Oprogramowanie to integruje si\u0119 z czujnikami zape\u0142nienia pojemnik\u00f3w i lokalizatorami kontener\u00f3w. Inteligentne rozwi\u0105zania dla miast \u2013 Waste24.net wspiera tak\u017ce inicjatywy Smart City, pomagaj\u0105c w redukcji \u015bladu w\u0119glowego i optymalizacji tras przejazdu \u015bmieciarek, z dodatkowym atutem w postaci integracji z technologi\u0105 blockchain dla wi\u0119kszej transparentno\u015bci danych. Firma szybko zdoby\u0142a uznanie na rynku, zdobywaj\u0105c liczne nagrody i wyr\u00f3\u017cnienia, co \u015bwiadczy o jej innowacyjno\u015bci i efektywno\u015bci w dzia\u0142aniach na rzecz ochrony \u015brodowiska.\",\"email\":\"l.kaminski@waste24.net\",\"telephone\":\"0048 515174514\",\"legalName\":\"Waste24 Sp.z o.o.\",\"foundingDate\":\"2021-07-15\",\"vatID\":\"8762496831\",\"taxID\":\"PL\",\"numberOfEmployees\":{\"@type\":\"QuantitativeValue\",\"minValue\":\"1\",\"maxValue\":\"10\"}}]}<\/script>\n<!-- \/ Yoast SEO Premium plugin. -->","yoast_head_json":{"title":"Waste24.net - nowoczesny SaaS dla firm komunalnych | Waste24","description":"Waste24.net to nowoczesnych system dla firm komunalnych, kt\u00f3ry dzia\u0142a w modelu SaaS. Skorzystaj z jego mo\u017cliwo\u015bci i zam\u00f3w prezentacj\u0119.","robots":{"index":"index","follow":"follow","max-snippet":"max-snippet:-1","max-image-preview":"max-image-preview:large","max-video-preview":"max-video-preview:-1"},"canonical":"https:\/\/waste24.net\/en\/o-nas\/","og_locale":"en_US","og_type":"article","og_title":"Waste24.net - nowoczesny SaaS dla firm komunalnych | Waste24","og_description":"Waste24.net to nowoczesnych system dla firm komunalnych, kt\u00f3ry dzia\u0142a w modelu SaaS. Skorzystaj z jego mo\u017cliwo\u015bci i zam\u00f3w prezentacj\u0119.","og_url":"https:\/\/waste24.net\/en\/o-nas\/","og_site_name":"Software for waste companies management","article_publisher":"https:\/\/www.facebook.com\/pojemnikinaodpady","article_modified_time":"2026-03-19T07:22:32+00:00","twitter_card":"summary_large_image","twitter_site":"@ukasz12140155","twitter_misc":{"Est. reading time":"3 minutes"},"schema":{"@context":"https:\/\/schema.org","@graph":[{"@type":"WebPage","@id":"https:\/\/waste24.net\/o-nas\/","url":"https:\/\/waste24.net\/o-nas\/","name":"Waste24.net - nowoczesny SaaS dla firm komunalnych | Waste24","isPartOf":{"@id":"https:\/\/waste24.net\/#website"},"datePublished":"2021-12-20T14:28:51+00:00","dateModified":"2026-03-19T07:22:32+00:00","description":"Waste24.net to nowoczesnych system dla firm komunalnych, kt\u00f3ry dzia\u0142a w modelu SaaS. Skorzystaj z jego mo\u017cliwo\u015bci i zam\u00f3w prezentacj\u0119.","inLanguage":"en-US","potentialAction":[{"@type":"ReadAction","target":["https:\/\/waste24.net\/o-nas\/"]}]},{"@type":"WebSite","@id":"https:\/\/waste24.net\/#website","url":"https:\/\/waste24.net\/","name":"Software for waste companies management","description":"","publisher":{"@id":"https:\/\/waste24.net\/#organization"},"potentialAction":[{"@type":"SearchAction","target":{"@type":"EntryPoint","urlTemplate":"https:\/\/waste24.net\/?s={search_term_string}"},"query-input":{"@type":"PropertyValueSpecification","valueRequired":true,"valueName":"search_term_string"}}],"inLanguage":"en-US"},{"@type":"Organization","@id":"https:\/\/waste24.net\/#organization","name":"Waste24 Sp. z o.o.","alternateName":"Oprogramowanie dla firm komunlanych","url":"https:\/\/waste24.net\/","logo":{"@type":"ImageObject","inLanguage":"en-US","@id":"https:\/\/waste24.net\/#\/schema\/logo\/image\/","url":"https:\/\/waste24.net\/wp-content\/uploads\/2021\/12\/w24.png","contentUrl":"https:\/\/waste24.net\/wp-content\/uploads\/2021\/12\/w24.png","width":736,"height":250,"caption":"Waste24 Sp. z o.o."},"image":{"@id":"https:\/\/waste24.net\/#\/schema\/logo\/image\/"},"sameAs":["https:\/\/www.facebook.com\/pojemnikinaodpady","https:\/\/x.com\/ukasz12140155","https:\/\/pl.pinterest.com\/wynajemtoalet\/boards\/","https:\/\/www.youtube.com\/watch?v=bCr_H9VPOK0&amp;amp;t=905s"],"description":"Firma Waste24 Sp. z o.o. zosta\u0142a za\u0142o\u017cona w 2021 roku przez \u0141ukasza Kami\u0144skiego i Mateusza Gawina, z inwestycj\u0105 funduszu EEC Magenta, co umo\u017cliwi\u0142o jej dynamiczny rozw\u00f3j. G\u0142\u00f3wna misja firmy to wprowadzenie technologii s\u0142u\u017c\u0105cej ochronie \u015brodowiska poprzez digitalizacj\u0119 gospodarki komunalnej i tworzenie rozwi\u0105za\u0144 u\u0142atwiaj\u0105cych codzienne \u017cycie. Waste24 Sp. z o.o. oferuje produkty zar\u00f3wno dla firm, samorz\u0105d\u00f3w, r\u00f3\u017cnych instytucji, jak i dla os\u00f3b prywatnych. W\u015br\u00f3d kluczowych produkt\u00f3w firmy znajduje si\u0119: eMarket Smiecie.eu \u2013 platforma dzia\u0142aj\u0105ca od 2019 roku, umo\u017cliwiaj\u0105ca zam\u00f3wienie us\u0142ug komunalnych online, w tym dostaw\u0119 toalet przeno\u015bnych, ogrodze\u0144 tymczasowych oraz odbi\u00f3r odpad\u00f3w budowlanych z ka\u017cdego miejsca w kraju. Us\u0142uga ta cieszy si\u0119 popularno\u015bci\u0105 w\u015br\u00f3d przedsi\u0119biorstw budowlanych i prywatnych inwestor\u00f3w, wyr\u00f3\u017cniaj\u0105c si\u0119 mo\u017cliwo\u015bci\u0105 realizacji zam\u00f3wie\u0144 w spos\u00f3b ca\u0142kowicie zdalny. SaaS dla firm komunalnych \u2013 oparty na do\u015bwiadczeniu \u0141ukasza Kami\u0144skiego, jednego z za\u0142o\u017cycieli, system Waste24.net s\u0142u\u017cy do zarz\u0105dzania przedsi\u0119biorstwem w aspektach logistycznych, finansowych i magazynowych, wspomagany przez aplikacje mobilne dla kierowcy i inwentaryzatora. Oprogramowanie to integruje si\u0119 z czujnikami zape\u0142nienia pojemnik\u00f3w i lokalizatorami kontener\u00f3w. Inteligentne rozwi\u0105zania dla miast \u2013 Waste24.net wspiera tak\u017ce inicjatywy Smart City, pomagaj\u0105c w redukcji \u015bladu w\u0119glowego i optymalizacji tras przejazdu \u015bmieciarek, z dodatkowym atutem w postaci integracji z technologi\u0105 blockchain dla wi\u0119kszej transparentno\u015bci danych. Firma szybko zdoby\u0142a uznanie na rynku, zdobywaj\u0105c liczne nagrody i wyr\u00f3\u017cnienia, co \u015bwiadczy o jej innowacyjno\u015bci i efektywno\u015bci w dzia\u0142aniach na rzecz ochrony \u015brodowiska.","email":"l.kaminski@waste24.net","telephone":"0048 515174514","legalName":"Waste24 Sp.z o.o.","foundingDate":"2021-07-15","vatID":"8762496831","taxID":"PL","numberOfEmployees":{"@type":"QuantitativeValue","minValue":"1","maxValue":"10"}}]}},"_links":{"self":[{"href":"https:\/\/waste24.net\/en\/wp-json\/wp\/v2\/pages\/115","targetHints":{"allow":["GET"]}}],"collection":[{"href":"https:\/\/waste24.net\/en\/wp-json\/wp\/v2\/pages"}],"about":[{"href":"https:\/\/waste24.net\/en\/wp-json\/wp\/v2\/types\/page"}],"author":[{"embeddable":true,"href":"https:\/\/waste24.net\/en\/wp-json\/wp\/v2\/users\/2"}],"replies":[{"embeddable":true,"href":"https:\/\/waste24.net\/en\/wp-json\/wp\/v2\/comments?post=115"}],"version-history":[{"count":39,"href":"https:\/\/waste24.net\/en\/wp-json\/wp\/v2\/pages\/115\/revisions"}],"predecessor-version":[{"id":1868,"href":"https:\/\/waste24.net\/en\/wp-json\/wp\/v2\/pages\/115\/revisions\/1868"}],"wp:attachment":[{"href":"https:\/\/waste24.net\/en\/wp-json\/wp\/v2\/media?parent=115"}],"curies":[{"name":"wp","href":"https:\/\/api.w.org\/{rel}","templated":true}]}}